{"id":16,"date":"2025-06-14T20:52:42","date_gmt":"2025-06-14T20:52:42","guid":{"rendered":"https:\/\/autogrill24.com\/?page_id=16"},"modified":"2025-06-28T20:50:12","modified_gmt":"2025-06-28T20:50:12","slug":"rreth-nesh","status":"publish","type":"page","link":"https:\/\/autogrill24.com\/en\/rreth-nesh\/","title":{"rendered":"About Us"},"content":{"rendered":"<p>[et_pb_section fb_built=&#8221;1&#8243; _builder_version=&#8221;4.27.4&#8243; _module_preset=&#8221;default&#8221; custom_padding=&#8221;29px||0px|||&#8221; top_divider_style=&#8221;arrow2&#8243; top_divider_color=&#8221;#1562ac&#8221; top_divider_height=&#8221;42px&#8221; global_colors_info=&#8221;{}&#8221;][\/et_pb_section][et_pb_section fb_built=&#8221;1&#8243; _builder_version=&#8221;4.27.4&#8243; _module_preset=&#8221;default&#8221; custom_padding=&#8221;8px|||||&#8221; hover_enabled=&#8221;0&#8243; global_colors_info=&#8221;{}&#8221; disabled_on=&#8221;off|on|on&#8221; sticky_enabled=&#8221;0&#8243;][et_pb_row column_structure=&#8221;1_2,1_2&#8243; _builder_version=&#8221;4.27.4&#8243; _module_preset=&#8221;default&#8221; custom_padding=&#8221;6px||8px|||&#8221; global_colors_info=&#8221;{}&#8221;][et_pb_column type=&#8221;1_2&#8243; _builder_version=&#8221;4.27.4&#8243; _module_preset=&#8221;default&#8221; global_colors_info=&#8221;{}&#8221;][et_pb_image src=&#8221;https:\/\/autogrill24.com\/wp-content\/uploads\/2025\/06\/WhatsApp-Image-2025-06-12-at-15.44.08.jpeg&#8221; title_text=&#8221;WhatsApp Image 2025-06-12 at 15.44.08&#8243; _builder_version=&#8221;4.27.4&#8243; _module_preset=&#8221;default&#8221; global_colors_info=&#8221;{}&#8221; custom_margin=&#8221;18px|||||&#8221;][\/et_pb_image][\/et_pb_column][et_pb_column type=&#8221;1_2&#8243; _builder_version=&#8221;4.27.4&#8243; _module_preset=&#8221;default&#8221; global_colors_info=&#8221;{}&#8221;][et_pb_video _builder_version=&#8221;4.27.4&#8243; _module_preset=&#8221;default&#8221; custom_margin=&#8221;||-10px|||&#8221; custom_padding=&#8221;0px|||||&#8221; global_colors_info=&#8221;{}&#8221;][\/et_pb_video][et_pb_text _builder_version=&#8221;4.27.4&#8243; _module_preset=&#8221;default&#8221; text_font=&#8221;Albert Sans||||||||&#8221; text_text_color=&#8221;rgba(38,38,38,0.75)&#8221; text_font_size=&#8221;17px&#8221; header_2_font=&#8221;&#8211;et_global_heading_font||||||||&#8221; custom_padding=&#8221;22px|||||&#8221; global_colors_info=&#8221;{}&#8221;]<\/p>\n<h2>Rreth nesh<\/h2>\n<p data-start=\"135\" data-end=\"423\"><strong data-start=\"135\" data-end=\"199\">Mir\u00ebsevini n\u00eb Autogrill\u202f24 \u2013 m\u00eb shum\u00eb se nj\u00eb pik\u00eb karburanti<\/strong><br data-start=\"199\" data-end=\"202\" \/>Ne jemi nj\u00eb qend\u00ebr sh\u00ebrbimesh e vendosur strategjikisht n\u00eb Rruga Levan\u2013Tepelen\u00eb, km\u202f28, Po\u00e7em, Fier. Ju ofrojm\u00eb udh\u00ebtar\u00ebve dhe banor\u00ebve t\u00eb zon\u00ebs nj\u00eb ofert\u00eb t\u00eb larmishme, praktike dhe cil\u00ebsore:<\/p>\n<p data-start=\"135\" data-end=\"423\"><strong data-start=\"427\" data-end=\"446\" style=\"font-size: 17px;\">Bar &amp; Restorant<\/strong><span style=\"font-size: 17px;\"> \u2013 <\/span><strong data-start=\"527\" data-end=\"550\" style=\"font-size: 17px;\">Karburant &amp; Lavazho<\/strong><span style=\"font-size: 17px;\"> \u2013<\/span><strong data-start=\"637\" data-end=\"647\" style=\"font-size: 17px;\">Market<\/strong><span style=\"font-size: 17px;\"> \u2013 <\/span><strong data-start=\"732\" data-end=\"769\" style=\"font-size: 17px;\"> &amp; Sherbim Karotre\u00e7i 24\u202for\u00eb<\/strong><span style=\"font-size: 17px;\">\u00a0<\/span><\/p>\n<p>[\/et_pb_text][\/et_pb_column][\/et_pb_row][et_pb_row disabled_on=&#8221;on|off|off&#8221; _builder_version=&#8221;4.27.4&#8243; _module_preset=&#8221;default&#8221; custom_margin=&#8221;|auto|8px|auto||&#8221; custom_padding=&#8221;9px||5px|||&#8221; global_colors_info=&#8221;{}&#8221;][et_pb_column type=&#8221;4_4&#8243; _builder_version=&#8221;4.27.4&#8243; _module_preset=&#8221;default&#8221; global_colors_info=&#8221;{}&#8221;][et_pb_image src=&#8221;https:\/\/autogrill24.com\/wp-content\/uploads\/2025\/06\/503849168_18146396320381309_6406997282189340404_n-1.jpg&#8221; title_text=&#8221;503849168_18146396320381309_6406997282189340404_n (1)&#8221; align=&#8221;center&#8221; _builder_version=&#8221;4.27.4&#8243; _module_preset=&#8221;default&#8221; width=&#8221;5%&#8221; box_shadow_style=&#8221;preset3&#8243; box_shadow_color=&#8221;#0257aa&#8221; global_colors_info=&#8221;{}&#8221; custom_padding=&#8221;38px||45px|||&#8221;][\/et_pb_image][\/et_pb_column][\/et_pb_row][et_pb_row disabled_on=&#8221;off|on|on&#8221; _builder_version=&#8221;4.27.4&#8243; _module_preset=&#8221;default&#8221; custom_margin=&#8221;|auto||auto|false|false&#8221; custom_padding=&#8221;36px||35px|||&#8221; global_colors_info=&#8221;{}&#8221;][et_pb_column type=&#8221;4_4&#8243; _builder_version=&#8221;4.27.4&#8243; _module_preset=&#8221;default&#8221; global_colors_info=&#8221;{}&#8221;][et_pb_image src=&#8221;https:\/\/autogrill24.com\/wp-content\/uploads\/2025\/06\/503849168_18146396320381309_6406997282189340404_n-1.jpg&#8221; title_text=&#8221;503849168_18146396320381309_6406997282189340404_n (1)&#8221; align=&#8221;center&#8221; _builder_version=&#8221;4.27.4&#8243; _module_preset=&#8221;default&#8221; width=&#8221;8%&#8221; max_width=&#8221;17%&#8221; box_shadow_style=&#8221;preset3&#8243; box_shadow_color=&#8221;#0257aa&#8221; global_colors_info=&#8221;{}&#8221;][\/et_pb_image][\/et_pb_column][\/et_pb_row][et_pb_row column_structure=&#8221;1_2,1_2&#8243; _builder_version=&#8221;4.27.4&#8243; _module_preset=&#8221;default&#8221; custom_margin=&#8221;0px|auto||auto||&#8221; custom_padding=&#8221;7px||40px|||&#8221; global_colors_info=&#8221;{}&#8221;][et_pb_column type=&#8221;1_2&#8243; _builder_version=&#8221;4.27.4&#8243; _module_preset=&#8221;default&#8221; global_colors_info=&#8221;{}&#8221;][et_pb_text _builder_version=&#8221;4.27.4&#8243; _module_preset=&#8221;default&#8221; text_font=&#8221;Albert Sans||||||||&#8221; text_text_color=&#8221;rgba(0,0,0,0.7)&#8221; text_font_size=&#8221;17px&#8221; header_2_font=&#8221;&#8211;et_global_heading_font||||||||&#8221; global_colors_info=&#8221;{}&#8221;]<\/p>\n<h2>Vlerat Tona<\/h2>\n<p data-start=\"893\" data-end=\"1024\"><strong data-start=\"893\" data-end=\"916\">Disponueshm\u00ebri 24\/7<\/strong> \u2013 Ne punojm\u00eb me orar t\u00eb plot\u00eb, madje \u00e7do dit\u00eb t\u00eb jav\u00ebs, p\u00ebr t\u2019ju sh\u00ebrbyer kur t\u00eb na keni m\u00eb shum\u00eb nevoj\u00eb.<\/p>\n<p data-start=\"1027\" data-end=\"1164\"><strong data-start=\"1027\" data-end=\"1066\">P\u00ebrvoj\u00eb e rehatshme gjat\u00eb udh\u00ebtimit<\/strong> \u2013 Nj\u00eb ndales\u00eb praktike dhe e plot\u00eb n\u00eb nj\u00eb vend: ushqim, karburant, prodhime, sh\u00ebrbime makinash.<\/p>\n<p data-start=\"1167\" data-end=\"1309\"><strong data-start=\"1167\" data-end=\"1191\">Cil\u00ebsi dhe mikpritje<\/strong> \u2013 Ndihemi krenar\u00eb p\u00ebr standardin e lart\u00eb t\u00eb produktit dhe sh\u00ebrbimit, si dhe p\u00ebr ambientin ton\u00eb t\u00eb past\u00ebr e t\u00eb sigurt.<\/p>\n<p>[\/et_pb_text][\/et_pb_column][et_pb_column type=&#8221;1_2&#8243; _builder_version=&#8221;4.27.4&#8243; _module_preset=&#8221;default&#8221; global_colors_info=&#8221;{}&#8221;][et_pb_image src=&#8221;https:\/\/autogrill24.com\/wp-content\/uploads\/2025\/06\/WhatsApp-Image-2025-06-12-at-15.44.09-3.jpeg&#8221; title_text=&#8221;WhatsApp Image 2025-06-12 at 15.44.09 (3)&#8221; _builder_version=&#8221;4.27.4&#8243; _module_preset=&#8221;default&#8221; global_colors_info=&#8221;{}&#8221;][\/et_pb_image][\/et_pb_column][\/et_pb_row][\/et_pb_section][et_pb_section fb_built=&#8221;1&#8243; _builder_version=&#8221;4.27.4&#8243; _module_preset=&#8221;default&#8221; custom_padding=&#8221;66px|||||&#8221; hover_enabled=&#8221;0&#8243; global_colors_info=&#8221;{}&#8221; disabled_on=&#8221;on|off|off&#8221; sticky_enabled=&#8221;0&#8243;][et_pb_row column_structure=&#8221;1_2,1_2&#8243; _builder_version=&#8221;4.27.4&#8243; _module_preset=&#8221;default&#8221; custom_padding=&#8221;6px||8px|||&#8221; global_colors_info=&#8221;{}&#8221;][et_pb_column type=&#8221;1_2&#8243; _builder_version=&#8221;4.27.4&#8243; _module_preset=&#8221;default&#8221; global_colors_info=&#8221;{}&#8221;][et_pb_image src=&#8221;https:\/\/autogrill24.com\/wp-content\/uploads\/2025\/06\/WhatsApp-Image-2025-06-12-at-15.44.08.jpeg&#8221; title_text=&#8221;WhatsApp Image 2025-06-12 at 15.44.08&#8243; _builder_version=&#8221;4.27.4&#8243; _module_preset=&#8221;default&#8221; global_colors_info=&#8221;{}&#8221;][\/et_pb_image][\/et_pb_column][et_pb_column type=&#8221;1_2&#8243; _builder_version=&#8221;4.27.4&#8243; _module_preset=&#8221;default&#8221; global_colors_info=&#8221;{}&#8221;][et_pb_video _builder_version=&#8221;4.27.4&#8243; _module_preset=&#8221;default&#8221; custom_margin=&#8221;||-10px|||&#8221; custom_padding=&#8221;0px|||||&#8221; global_colors_info=&#8221;{}&#8221;][\/et_pb_video][et_pb_text _builder_version=&#8221;4.27.4&#8243; _module_preset=&#8221;default&#8221; text_font=&#8221;Albert Sans||||||||&#8221; text_text_color=&#8221;rgba(38,38,38,0.75)&#8221; text_font_size=&#8221;17px&#8221; header_2_font=&#8221;&#8211;et_global_heading_font||||||||&#8221; custom_padding=&#8221;44px|||||&#8221; global_colors_info=&#8221;{}&#8221;]<\/p>\n<h2>Rreth nesh<\/h2>\n<p data-start=\"135\" data-end=\"423\"><strong data-start=\"135\" data-end=\"199\">Mir\u00ebsevini n\u00eb Autogrill\u202f24 \u2013 m\u00eb shum\u00eb se nj\u00eb pik\u00eb karburanti<\/strong><br data-start=\"199\" data-end=\"202\" \/>Ne jemi nj\u00eb qend\u00ebr sh\u00ebrbimesh e vendosur strategjikisht n\u00eb Rruga Levan\u2013Tepelen\u00eb, km\u202f28, Po\u00e7em, Fier. Ju ofrojm\u00eb udh\u00ebtar\u00ebve dhe banor\u00ebve t\u00eb zon\u00ebs nj\u00eb ofert\u00eb t\u00eb larmishme, praktike dhe cil\u00ebsore:<\/p>\n<p data-start=\"135\" data-end=\"423\"><strong data-start=\"427\" data-end=\"446\" style=\"font-size: 17px;\">Bar &amp; Restorant<\/strong><span style=\"font-size: 17px;\"> \u2013 <\/span><strong data-start=\"527\" data-end=\"550\" style=\"font-size: 17px;\">Karburant &amp; Lavazho<\/strong><span style=\"font-size: 17px;\"> \u2013<\/span><strong data-start=\"637\" data-end=\"647\" style=\"font-size: 17px;\">Market<\/strong><span style=\"font-size: 17px;\"> \u2013 <\/span><strong data-start=\"732\" data-end=\"769\" style=\"font-size: 17px;\"> &amp; Sherbim Karotre\u00e7i 24\u202for\u00eb<\/strong><span style=\"font-size: 17px;\">\u00a0<\/span><\/p>\n<p>[\/et_pb_text][\/et_pb_column][\/et_pb_row][et_pb_row disabled_on=&#8221;on|off|off&#8221; _builder_version=&#8221;4.27.4&#8243; _module_preset=&#8221;default&#8221; custom_margin=&#8221;|auto|8px|auto||&#8221; custom_padding=&#8221;9px||5px|||&#8221; global_colors_info=&#8221;{}&#8221;][et_pb_column type=&#8221;4_4&#8243; _builder_version=&#8221;4.27.4&#8243; _module_preset=&#8221;default&#8221; global_colors_info=&#8221;{}&#8221;][et_pb_image src=&#8221;https:\/\/autogrill24.com\/wp-content\/uploads\/2025\/06\/503849168_18146396320381309_6406997282189340404_n-1.jpg&#8221; title_text=&#8221;503849168_18146396320381309_6406997282189340404_n (1)&#8221; align=&#8221;center&#8221; _builder_version=&#8221;4.27.4&#8243; _module_preset=&#8221;default&#8221; width=&#8221;5%&#8221; box_shadow_style=&#8221;preset3&#8243; box_shadow_color=&#8221;#0257aa&#8221; global_colors_info=&#8221;{}&#8221; custom_padding=&#8221;38px||45px|||&#8221;][\/et_pb_image][\/et_pb_column][\/et_pb_row][et_pb_row disabled_on=&#8221;off|on|on&#8221; _builder_version=&#8221;4.27.4&#8243; _module_preset=&#8221;default&#8221; custom_margin=&#8221;|auto||auto|false|false&#8221; custom_padding=&#8221;36px||35px|||&#8221; global_colors_info=&#8221;{}&#8221;][et_pb_column type=&#8221;4_4&#8243; _builder_version=&#8221;4.27.4&#8243; _module_preset=&#8221;default&#8221; global_colors_info=&#8221;{}&#8221;][et_pb_image src=&#8221;https:\/\/autogrill24.com\/wp-content\/uploads\/2025\/06\/503849168_18146396320381309_6406997282189340404_n-1.jpg&#8221; title_text=&#8221;503849168_18146396320381309_6406997282189340404_n (1)&#8221; align=&#8221;center&#8221; _builder_version=&#8221;4.27.4&#8243; _module_preset=&#8221;default&#8221; width=&#8221;8%&#8221; max_width=&#8221;17%&#8221; box_shadow_style=&#8221;preset3&#8243; box_shadow_color=&#8221;#0257aa&#8221; global_colors_info=&#8221;{}&#8221;][\/et_pb_image][\/et_pb_column][\/et_pb_row][et_pb_row column_structure=&#8221;1_2,1_2&#8243; _builder_version=&#8221;4.27.4&#8243; _module_preset=&#8221;default&#8221; custom_margin=&#8221;0px|auto||auto||&#8221; custom_padding=&#8221;7px|||||&#8221; global_colors_info=&#8221;{}&#8221;][et_pb_column type=&#8221;1_2&#8243; _builder_version=&#8221;4.27.4&#8243; _module_preset=&#8221;default&#8221; global_colors_info=&#8221;{}&#8221;][et_pb_text _builder_version=&#8221;4.27.4&#8243; _module_preset=&#8221;default&#8221; text_font=&#8221;Albert Sans||||||||&#8221; text_text_color=&#8221;rgba(0,0,0,0.7)&#8221; text_font_size=&#8221;17px&#8221; header_2_font=&#8221;&#8211;et_global_heading_font||||||||&#8221; global_colors_info=&#8221;{}&#8221;]<\/p>\n<h2>Vlerat Tona<\/h2>\n<p data-start=\"893\" data-end=\"1024\"><strong data-start=\"893\" data-end=\"916\">Disponueshm\u00ebri 24\/7<\/strong> \u2013 Ne punojm\u00eb me orar t\u00eb plot\u00eb, madje \u00e7do dit\u00eb t\u00eb jav\u00ebs, p\u00ebr t\u2019ju sh\u00ebrbyer kur t\u00eb na keni m\u00eb shum\u00eb nevoj\u00eb.<\/p>\n<p data-start=\"1027\" data-end=\"1164\"><strong data-start=\"1027\" data-end=\"1066\">P\u00ebrvoj\u00eb e rehatshme gjat\u00eb udh\u00ebtimit<\/strong> \u2013 Nj\u00eb ndales\u00eb praktike dhe e plot\u00eb n\u00eb nj\u00eb vend: ushqim, karburant, prodhime, sh\u00ebrbime makinash.<\/p>\n<p data-start=\"1167\" data-end=\"1309\"><strong data-start=\"1167\" data-end=\"1191\">Cil\u00ebsi dhe mikpritje<\/strong> \u2013 Ndihemi krenar\u00eb p\u00ebr standardin e lart\u00eb t\u00eb produktit dhe sh\u00ebrbimit, si dhe p\u00ebr ambientin ton\u00eb t\u00eb past\u00ebr e t\u00eb sigurt.<\/p>\n<p>[\/et_pb_text][\/et_pb_column][et_pb_column type=&#8221;1_2&#8243; _builder_version=&#8221;4.27.4&#8243; _module_preset=&#8221;default&#8221; global_colors_info=&#8221;{}&#8221;][et_pb_image src=&#8221;https:\/\/autogrill24.com\/wp-content\/uploads\/2025\/06\/WhatsApp-Image-2025-06-12-at-15.44.09-3.jpeg&#8221; title_text=&#8221;WhatsApp Image 2025-06-12 at 15.44.09 (3)&#8221; _builder_version=&#8221;4.27.4&#8243; _module_preset=&#8221;default&#8221; global_colors_info=&#8221;{}&#8221;][\/et_pb_image][\/et_pb_column][\/et_pb_row][\/et_pb_section][et_pb_section fb_built=&#8221;1&#8243; _builder_version=&#8221;4.27.4&#8243; _module_preset=&#8221;default&#8221; custom_padding=&#8221;3px||1px|||&#8221; bottom_divider_style=&#8221;arrow2&#8243; bottom_divider_color=&#8221;#1562ac&#8221; bottom_divider_height=&#8221;42px&#8221; global_colors_info=&#8221;{}&#8221;][\/et_pb_section][et_pb_section fb_built=&#8221;1&#8243; disabled_on=&#8221;off|off|off&#8221; _builder_version=&#8221;4.27.4&#8243; _module_preset=&#8221;default&#8221; background_color=&#8221;#1562ac&#8221; custom_margin=&#8221;||||false|false&#8221; custom_padding=&#8221;20px||0px|||&#8221; global_colors_info=&#8221;{}&#8221;][et_pb_row column_structure=&#8221;1_3,1_3,1_3&#8243; _builder_version=&#8221;4.27.4&#8243; _module_preset=&#8221;default&#8221; custom_margin=&#8221;|auto|-11px|auto||&#8221; custom_padding=&#8221;55px||58px|||&#8221; global_colors_info=&#8221;{}&#8221;][et_pb_column type=&#8221;1_3&#8243; _builder_version=&#8221;4.27.4&#8243; _module_preset=&#8221;default&#8221; global_colors_info=&#8221;{}&#8221;][et_pb_text _builder_version=&#8221;4.27.4&#8243; _module_preset=&#8221;default&#8221; header_3_font=&#8221;&#8211;et_global_heading_font||||||||&#8221; header_3_text_color=&#8221;#FFFFFF&#8221; global_colors_info=&#8221;{}&#8221;]<\/p>\n<h3 style=\"text-align: center;\"><a href=\"https:\/\/autogrill24.com\/\">Kreu<\/a><\/h3>\n<h3 style=\"text-align: center;\"><a href=\"https:\/\/autogrill24.com\/rreth-nesh\/\">Rreth Nesh<\/a><\/h3>\n<h3 style=\"text-align: center;\"><a href=\"https:\/\/autogrill24.com\/galeri\/\">Galeri<\/a><\/h3>\n<h3 style=\"text-align: center;\"><a href=\"https:\/\/autogrill24.com\/sherbime\/\">Sherbime<\/a><\/h3>\n<h3 style=\"text-align: center;\"><a href=\"https:\/\/autogrill24.com\/kontakte\/\">Kontakte<\/a><\/h3>\n<p>[\/et_pb_text][\/et_pb_column][et_pb_column type=&#8221;1_3&#8243; _builder_version=&#8221;4.27.4&#8243; _module_preset=&#8221;default&#8221; global_colors_info=&#8221;{}&#8221;][et_pb_image src=&#8221;https:\/\/autogrill24.com\/wp-content\/uploads\/2025\/06\/cropped-503849168_18146396320381309_6406997282189340404_n-e1750850514527.jpg&#8221; title_text=&#8221;cropped-503849168_18146396320381309_6406997282189340404_n.jpg&#8221; align=&#8221;center&#8221; _builder_version=&#8221;4.27.4&#8243; _module_preset=&#8221;default&#8221; width=&#8221;100%&#8221; max_width=&#8221;65%&#8221; module_alignment=&#8221;center&#8221; max_height=&#8221;1000px&#8221; custom_margin=&#8221;2px|||||&#8221; border_radii=&#8221;on|20px|20px|20px|20px&#8221; box_shadow_style=&#8221;preset3&#8243; box_shadow_spread=&#8221;-10px&#8221; box_shadow_color=&#8221;#FFFFFF&#8221; global_colors_info=&#8221;{}&#8221;][\/et_pb_image][\/et_pb_column][et_pb_column type=&#8221;1_3&#8243; _builder_version=&#8221;4.27.4&#8243; _module_preset=&#8221;default&#8221; global_colors_info=&#8221;{}&#8221;][et_pb_text _builder_version=&#8221;4.27.4&#8243; _module_preset=&#8221;default&#8221; header_3_font=&#8221;&#8211;et_global_heading_font||||||||&#8221; header_3_text_color=&#8221;#FFFFFF&#8221; header_4_font=&#8221;&#8211;et_global_heading_font||||||||&#8221; header_4_text_color=&#8221;#FFFFFF&#8221; custom_margin=&#8221;|||46px||&#8221; global_colors_info=&#8221;{}&#8221;]<\/p>\n<h4 style=\"text-align: left;\"><span><img loading=\"lazy\" decoding=\"async\" src=\"https:\/\/autogrill24.com\/wp-content\/uploads\/2025\/06\/clock.png\" width=\"45\" height=\"45\" alt=\"\" class=\"wp-image-1042 alignnone size-full\" srcset=\"https:\/\/autogrill24.com\/wp-content\/uploads\/2025\/06\/clock.png 256w, https:\/\/autogrill24.com\/wp-content\/uploads\/2025\/06\/clock-150x150.png 150w, https:\/\/autogrill24.com\/wp-content\/uploads\/2025\/06\/clock-12x12.png 12w\" sizes=\"(max-width: 45px) 100vw, 45px\" \/>\u00a0Hapur 24 or\u00eb!<\/span><\/h4>\n<p>[\/et_pb_text][et_pb_text _builder_version=&#8221;4.27.4&#8243; _module_preset=&#8221;default&#8221; header_3_font=&#8221;&#8211;et_global_heading_font||||||||&#8221; header_3_text_color=&#8221;#FFFFFF&#8221; header_4_font=&#8221;&#8211;et_global_heading_font||||||||&#8221; header_4_text_color=&#8221;#FFFFFF&#8221; custom_margin=&#8221;|||44px||&#8221; global_colors_info=&#8221;{}&#8221;]<\/p>\n<h4><span> <img loading=\"lazy\" decoding=\"async\" src=\"https:\/\/autogrill24.com\/wp-content\/uploads\/2025\/06\/navigation.png\" width=\"50\" height=\"50\" alt=\"\" class=\"wp-image-1041 alignnone size-full\" srcset=\"https:\/\/autogrill24.com\/wp-content\/uploads\/2025\/06\/navigation.png 256w, https:\/\/autogrill24.com\/wp-content\/uploads\/2025\/06\/navigation-150x150.png 150w, https:\/\/autogrill24.com\/wp-content\/uploads\/2025\/06\/navigation-12x12.png 12w\" sizes=\"(max-width: 50px) 100vw, 50px\" \/>Rr. Fier \u2013 Tepelen\u00eb, Km 28 (POCEM), Fier<\/span><\/h4>\n<p>[\/et_pb_text][\/et_pb_column][\/et_pb_row][\/et_pb_section]<\/p>\n","protected":false},"excerpt":{"rendered":"<p>Rreth nesh Mir\u00ebsevini n\u00eb Autogrill\u202f24 \u2013 m\u00eb shum\u00eb se nj\u00eb pik\u00eb karburantiNe jemi nj\u00eb qend\u00ebr sh\u00ebrbimesh e vendosur strategjikisht n\u00eb Rruga Levan\u2013Tepelen\u00eb, km\u202f28, Po\u00e7em, Fier. Ju ofrojm\u00eb udh\u00ebtar\u00ebve dhe banor\u00ebve t\u00eb zon\u00ebs nj\u00eb ofert\u00eb t\u00eb larmishme, praktike dhe cil\u00ebsore: Bar &amp; Restorant \u2013 Karburant &amp; Lavazho \u2013Market \u2013 &amp; Sherbim Karotre\u00e7i 24\u202for\u00eb\u00a0Vlerat Tona Disponueshm\u00ebri 24\/7 [&hellip;]<\/p>\n","protected":false},"author":1,"featured_media":0,"parent":0,"menu_order":0,"comment_status":"closed","ping_status":"closed","template":"","meta":{"_et_pb_use_builder":"on","_et_pb_old_content":"<!-- wp:divi\/placeholder \/-->","_et_gb_content_width":"","footnotes":""},"class_list":["post-16","page","type-page","status-publish","hentry"],"aioseo_notices":[],"rttpg_featured_image_url":null,"rttpg_author":{"display_name":"wpadmin3642","author_link":"https:\/\/autogrill24.com\/en\/author\/wpadmin3642\/"},"rttpg_comment":0,"rttpg_category":null,"rttpg_excerpt":"Rreth nesh Mir\u00ebsevini n\u00eb Autogrill\u202f24 \u2013 m\u00eb shum\u00eb se nj\u00eb pik\u00eb karburantiNe jemi nj\u00eb qend\u00ebr sh\u00ebrbimesh e vendosur strategjikisht n\u00eb Rruga Levan\u2013Tepelen\u00eb, km\u202f28, Po\u00e7em, Fier. Ju ofrojm\u00eb udh\u00ebtar\u00ebve dhe banor\u00ebve t\u00eb zon\u00ebs nj\u00eb ofert\u00eb t\u00eb larmishme, praktike dhe cil\u00ebsore: Bar &amp; Restorant \u2013 Karburant &amp; Lavazho \u2013Market \u2013 &amp; Sherbim Karotre\u00e7i 24\u202for\u00eb\u00a0Vlerat Tona Disponueshm\u00ebri 24\/7&hellip;","_links":{"self":[{"href":"https:\/\/autogrill24.com\/en\/wp-json\/wp\/v2\/pages\/16","targetHints":{"allow":["GET"]}}],"collection":[{"href":"https:\/\/autogrill24.com\/en\/wp-json\/wp\/v2\/pages"}],"about":[{"href":"https:\/\/autogrill24.com\/en\/wp-json\/wp\/v2\/types\/page"}],"author":[{"embeddable":true,"href":"https:\/\/autogrill24.com\/en\/wp-json\/wp\/v2\/users\/1"}],"replies":[{"embeddable":true,"href":"https:\/\/autogrill24.com\/en\/wp-json\/wp\/v2\/comments?post=16"}],"version-history":[{"count":16,"href":"https:\/\/autogrill24.com\/en\/wp-json\/wp\/v2\/pages\/16\/revisions"}],"predecessor-version":[{"id":1317,"href":"https:\/\/autogrill24.com\/en\/wp-json\/wp\/v2\/pages\/16\/revisions\/1317"}],"wp:attachment":[{"href":"https:\/\/autogrill24.com\/en\/wp-json\/wp\/v2\/media?parent=16"}],"curies":[{"name":"wp","href":"https:\/\/api.w.org\/{rel}","templated":true}]}}