{"id":24,"date":"2025-06-14T20:55:25","date_gmt":"2025-06-14T20:55:25","guid":{"rendered":"https:\/\/autogrill24.com\/?page_id=24"},"modified":"2025-06-28T16:06:12","modified_gmt":"2025-06-28T16:06:12","slug":"karburant-lavazho","status":"publish","type":"page","link":"https:\/\/autogrill24.com\/en\/karburant-lavazho\/","title":{"rendered":"Fuel &amp; Car Wash"},"content":{"rendered":"<p>[et_pb_section fb_built=&#8221;1&#8243; _builder_version=&#8221;4.27.4&#8243; _module_preset=&#8221;default&#8221; custom_padding=&#8221;4px||3px|||&#8221; top_divider_style=&#8221;arrow2&#8243; top_divider_color=&#8221;#1562ac&#8221; top_divider_height=&#8221;42px&#8221; global_colors_info=&#8221;{}&#8221;][\/et_pb_section][et_pb_section fb_built=&#8221;1&#8243; _builder_version=&#8221;4.27.4&#8243; _module_preset=&#8221;default&#8221; global_colors_info=&#8221;{}&#8221;][et_pb_row column_structure=&#8221;1_2,1_2&#8243; _builder_version=&#8221;4.27.4&#8243; _module_preset=&#8221;default&#8221; custom_padding=&#8221;6px||29px|||&#8221; global_colors_info=&#8221;{}&#8221;][et_pb_column type=&#8221;1_2&#8243; _builder_version=&#8221;4.27.4&#8243; _module_preset=&#8221;default&#8221; global_colors_info=&#8221;{}&#8221;][et_pb_image src=&#8221;https:\/\/autogrill24.com\/wp-content\/uploads\/2025\/06\/WhatsApp-Image-2025-06-12-at-15.44.09-8.jpeg&#8221; title_text=&#8221;WhatsApp Image 2025-06-12 at 15.44.09 (8)&#8221; _builder_version=&#8221;4.27.4&#8243; _module_preset=&#8221;default&#8221; custom_margin=&#8221;26px|||||&#8221; border_radii=&#8221;on|2px|2px|2px|2px&#8221; border_color_all=&#8221;#000000&#8243; box_shadow_style=&#8221;preset2&#8243; box_shadow_color=&#8221;rgba(21,98,172,0.71)&#8221; global_colors_info=&#8221;{}&#8221;][\/et_pb_image][\/et_pb_column][et_pb_column type=&#8221;1_2&#8243; _builder_version=&#8221;4.27.4&#8243; _module_preset=&#8221;default&#8221; global_colors_info=&#8221;{}&#8221;][et_pb_video _builder_version=&#8221;4.27.4&#8243; _module_preset=&#8221;default&#8221; custom_margin=&#8221;||-10px|||&#8221; custom_padding=&#8221;0px|||||&#8221; global_colors_info=&#8221;{}&#8221;][\/et_pb_video][et_pb_text _builder_version=&#8221;4.27.4&#8243; _module_preset=&#8221;default&#8221; text_font=&#8221;Albert Sans||||||||&#8221; text_text_color=&#8221;rgba(38,38,38,0.75)&#8221; text_font_size=&#8221;17px&#8221; header_2_font=&#8221;&#8211;et_global_heading_font||||||||&#8221; custom_padding=&#8221;25px|||||&#8221; global_colors_info=&#8221;{}&#8221;]<\/p>\n<h3 data-start=\"111\" data-end=\"124\">Karburant<\/h3>\n<p data-start=\"127\" data-end=\"203\"><span class=\"relative -mx-px my-[-0.2rem] rounded px-px py-[0.2rem] transition-colors duration-100 ease-in-out\"><strong data-start=\"0\" data-end=\"34\" data-is-only-node=\"\">Karburant cil\u00ebsor e konkurrues<\/strong> \u2013 furnizojm\u00eb me benzin\u00eb (95 RON), naft\u00eb dhe sare me cil\u00ebsi t\u00eb lart\u00eb, n\u00eb \u00e7mime t\u00eb leverdishme p\u00ebr klient\u00ebt tan\u00eb<\/span>\u00a0<\/p>\n<p data-start=\"206\" data-end=\"243\"><span class=\"relative -mx-px my-[-0.2rem] rounded px-px py-[0.2rem] transition-colors duration-100 ease-in-out\"><strong data-start=\"0\" data-end=\"27\" data-is-only-node=\"\">Sh\u00ebrbim i personalizuar<\/strong> \u2013 punonj\u00ebsit tan\u00eb jan\u00eb t\u00eb gatsh\u00ebm t\u2019ju ndihmojn\u00eb me furnizimin, t\u00eb ju japin k\u00ebshilla zgjidhje p\u00ebr nevojat e makin\u00ebs tuaj, duke ofruar alternativ\u00eb falas p\u00ebr aj\u00ebr dhe kontrolli baz\u00eb.<\/span><\/p>\n<p data-start=\"246\" data-end=\"322\"><span class=\"relative -mx-px my-[-0.2rem] rounded px-px py-[0.2rem] transition-colors duration-100 ease-in-out\"><strong data-start=\"0\" data-end=\"23\" data-is-only-node=\"\">Disponueshm\u00ebri 24\/7<\/strong> \u2013 stacioni yn\u00eb operon pa pushim, n\u00eb \u00e7do dit\u00eb t\u00eb jav\u00ebs, duke garantuar q\u00eb ju keni karburant kur ju nevojitet m\u00eb shum\u00eb<\/span> .<\/p>\n<p>[\/et_pb_text][\/et_pb_column][\/et_pb_row][et_pb_row disabled_on=&#8221;on|off|off&#8221; _builder_version=&#8221;4.27.4&#8243; _module_preset=&#8221;default&#8221; custom_margin=&#8221;11px|auto|39px|auto||&#8221; custom_padding=&#8221;9px||5px|||&#8221; global_colors_info=&#8221;{}&#8221;][et_pb_column type=&#8221;4_4&#8243; _builder_version=&#8221;4.27.4&#8243; _module_preset=&#8221;default&#8221; global_colors_info=&#8221;{}&#8221;][et_pb_image src=&#8221;https:\/\/autogrill24.com\/wp-content\/uploads\/2025\/06\/503849168_18146396320381309_6406997282189340404_n-1.jpg&#8221; title_text=&#8221;503849168_18146396320381309_6406997282189340404_n (1)&#8221; align=&#8221;center&#8221; _builder_version=&#8221;4.27.4&#8243; _module_preset=&#8221;default&#8221; width=&#8221;5%&#8221; box_shadow_style=&#8221;preset3&#8243; box_shadow_color=&#8221;#0257aa&#8221; global_colors_info=&#8221;{}&#8221;][\/et_pb_image][\/et_pb_column][\/et_pb_row][et_pb_row disabled_on=&#8221;off|on|on&#8221; _builder_version=&#8221;4.27.4&#8243; _module_preset=&#8221;default&#8221; custom_margin=&#8221;|auto||auto|false|false&#8221; custom_padding=&#8221;9px||5px|||&#8221; global_colors_info=&#8221;{}&#8221;][et_pb_column type=&#8221;4_4&#8243; _builder_version=&#8221;4.27.4&#8243; _module_preset=&#8221;default&#8221; global_colors_info=&#8221;{}&#8221;][et_pb_image src=&#8221;https:\/\/autogrill24.com\/wp-content\/uploads\/2025\/06\/503849168_18146396320381309_6406997282189340404_n-1.jpg&#8221; title_text=&#8221;503849168_18146396320381309_6406997282189340404_n (1)&#8221; align=&#8221;center&#8221; _builder_version=&#8221;4.27.4&#8243; _module_preset=&#8221;default&#8221; width=&#8221;8%&#8221; max_width=&#8221;17%&#8221; box_shadow_style=&#8221;preset3&#8243; box_shadow_color=&#8221;#0257aa&#8221; global_colors_info=&#8221;{}&#8221;][\/et_pb_image][\/et_pb_column][\/et_pb_row][et_pb_row column_structure=&#8221;1_2,1_2&#8243; _builder_version=&#8221;4.27.4&#8243; _module_preset=&#8221;default&#8221; custom_padding=&#8221;6px||29px|||&#8221; global_colors_info=&#8221;{}&#8221;][et_pb_column type=&#8221;1_2&#8243; _builder_version=&#8221;4.27.4&#8243; _module_preset=&#8221;default&#8221; global_colors_info=&#8221;{}&#8221;][et_pb_text _builder_version=&#8221;4.27.4&#8243; _module_preset=&#8221;default&#8221; text_font=&#8221;Albert Sans||||||||&#8221; text_text_color=&#8221;rgba(38,38,38,0.75)&#8221; text_font_size=&#8221;17px&#8221; header_2_font=&#8221;&#8211;et_global_heading_font||||||||&#8221; custom_padding=&#8221;52px|||||&#8221; global_colors_info=&#8221;{}&#8221;]<\/p>\n<h3 data-start=\"324\" data-end=\"334\">Lavazh<\/h3>\n<p data-start=\"337\" data-end=\"374\"><span class=\"relative -mx-px my-[-0.2rem] rounded px-px py-[0.2rem] transition-colors duration-100 ease-in-out\"><strong data-start=\"0\" data-end=\"33\" data-is-only-node=\"\">Zgjidhje t\u00eb ndryshme pastrimi<\/strong> \u2013 ofrojm\u00eb lavazh manual dhe t\u00eb automatizuar, n\u00eb variante:<\/span><\/p>\n<ul>\n<li style=\"list-style-type: none;\">\n<ul data-start=\"377\" data-end=\"541\">\n<li data-start=\"377\" data-end=\"416\">\n<p data-start=\"379\" data-end=\"416\"><span class=\"relative -mx-px my-[-0.2rem] rounded px-px py-[0.2rem] transition-colors duration-100 ease-in-out\"><em data-start=\"0\" data-end=\"25\" data-is-only-node=\"\">Express (vet\u00eb-lavazhim)<\/em> \u2013 p\u00ebr pastrim t\u00eb shpejt\u00eb pa shampo.<\/span><\/p>\n<\/li>\n<li data-start=\"419\" data-end=\"458\">\n<p data-start=\"421\" data-end=\"458\"><span class=\"relative -mx-px my-[-0.2rem] rounded px-px py-[0.2rem] transition-colors duration-100 ease-in-out\"><em data-start=\"0\" data-end=\"20\" data-is-only-node=\"\">Lavazh me shampoo.<\/em> \u2013 p\u00ebr pastrim m\u00eb t\u00eb thell\u00eb.<\/span><\/p>\n<\/li>\n<li data-start=\"461\" data-end=\"541\">\n<p data-start=\"463\" data-end=\"541\"><span class=\"relative -mx-px my-[-0.2rem] rounded px-px py-[0.2rem] transition-colors duration-100 ease-in-out\"><em data-start=\"0\" data-end=\"14\" data-is-only-node=\"\">Full-service<\/em> \u2013 pjes\u00ebn e jashtme dhe, me k\u00ebrkes\u00eb, pjes\u00ebn e brendshme t\u00eb automjetit<\/span> .<\/p>\n<\/li>\n<\/ul>\n<\/li>\n<\/ul>\n<p>[\/et_pb_text][\/et_pb_column][et_pb_column type=&#8221;1_2&#8243; _builder_version=&#8221;4.27.4&#8243; _module_preset=&#8221;default&#8221; global_colors_info=&#8221;{}&#8221;][et_pb_video _builder_version=&#8221;4.27.4&#8243; _module_preset=&#8221;default&#8221; custom_margin=&#8221;||-10px|||&#8221; custom_padding=&#8221;0px|||||&#8221; global_colors_info=&#8221;{}&#8221;][\/et_pb_video][et_pb_image src=&#8221;https:\/\/autogrill24.com\/wp-content\/uploads\/2025\/06\/WhatsApp-Image-2025-06-12-at-15.44.09-11.jpeg&#8221; title_text=&#8221;WhatsApp Image 2025-06-12 at 15.44.09 (11)&#8221; _builder_version=&#8221;4.27.4&#8243; _module_preset=&#8221;default&#8221; custom_margin=&#8221;26px|||||&#8221; border_radii=&#8221;on|2px|2px|2px|2px&#8221; border_color_all=&#8221;#000000&#8243; box_shadow_style=&#8221;preset1&#8243; box_shadow_color=&#8221;rgba(21,98,172,0.71)&#8221; global_colors_info=&#8221;{}&#8221;][\/et_pb_image][\/et_pb_column][\/et_pb_row][\/et_pb_section][et_pb_section fb_built=&#8221;1&#8243; _builder_version=&#8221;4.27.4&#8243; _module_preset=&#8221;default&#8221; custom_padding=&#8221;2px||9px|||&#8221; bottom_divider_style=&#8221;arrow2&#8243; bottom_divider_color=&#8221;#1562ac&#8221; bottom_divider_height=&#8221;42px&#8221; global_colors_info=&#8221;{}&#8221;][\/et_pb_section][et_pb_section fb_built=&#8221;1&#8243; disabled_on=&#8221;off|off|off&#8221; _builder_version=&#8221;4.27.4&#8243; _module_preset=&#8221;default&#8221; background_color=&#8221;#1562ac&#8221; custom_margin=&#8221;||||false|false&#8221; custom_padding=&#8221;20px||0px|||&#8221; global_colors_info=&#8221;{}&#8221;][et_pb_row column_structure=&#8221;1_3,1_3,1_3&#8243; _builder_version=&#8221;4.27.4&#8243; _module_preset=&#8221;default&#8221; custom_margin=&#8221;|auto|-11px|auto||&#8221; custom_padding=&#8221;55px||58px|||&#8221; global_colors_info=&#8221;{}&#8221;][et_pb_column type=&#8221;1_3&#8243; _builder_version=&#8221;4.27.4&#8243; _module_preset=&#8221;default&#8221; global_colors_info=&#8221;{}&#8221;][et_pb_text _builder_version=&#8221;4.27.4&#8243; _module_preset=&#8221;default&#8221; header_3_font=&#8221;&#8211;et_global_heading_font||||||||&#8221; header_3_text_color=&#8221;#FFFFFF&#8221; global_colors_info=&#8221;{}&#8221;]<\/p>\n<h3 style=\"text-align: center;\"><a href=\"https:\/\/autogrill24.com\/\">Kreu<\/a><\/h3>\n<h3 style=\"text-align: center;\"><a href=\"https:\/\/autogrill24.com\/rreth-nesh\/\">Rreth Nesh<\/a><\/h3>\n<h3 style=\"text-align: center;\"><a href=\"https:\/\/autogrill24.com\/galeri\/\">Galeri<\/a><\/h3>\n<h3 style=\"text-align: center;\"><a href=\"https:\/\/autogrill24.com\/sherbime\/\">Sherbime<\/a><\/h3>\n<h3 style=\"text-align: center;\"><a href=\"https:\/\/autogrill24.com\/kontakte\/\">Kontakte<\/a><\/h3>\n<p>[\/et_pb_text][\/et_pb_column][et_pb_column type=&#8221;1_3&#8243; _builder_version=&#8221;4.27.4&#8243; _module_preset=&#8221;default&#8221; global_colors_info=&#8221;{}&#8221;][et_pb_image src=&#8221;https:\/\/autogrill24.com\/wp-content\/uploads\/2025\/06\/cropped-503849168_18146396320381309_6406997282189340404_n-e1750850514527.jpg&#8221; title_text=&#8221;cropped-503849168_18146396320381309_6406997282189340404_n.jpg&#8221; align=&#8221;center&#8221; _builder_version=&#8221;4.27.4&#8243; _module_preset=&#8221;default&#8221; width=&#8221;100%&#8221; max_width=&#8221;65%&#8221; module_alignment=&#8221;center&#8221; max_height=&#8221;1000px&#8221; custom_margin=&#8221;2px|||||&#8221; border_radii=&#8221;on|20px|20px|20px|20px&#8221; box_shadow_style=&#8221;preset3&#8243; box_shadow_spread=&#8221;-10px&#8221; box_shadow_color=&#8221;#FFFFFF&#8221; global_colors_info=&#8221;{}&#8221;][\/et_pb_image][\/et_pb_column][et_pb_column type=&#8221;1_3&#8243; _builder_version=&#8221;4.27.4&#8243; _module_preset=&#8221;default&#8221; global_colors_info=&#8221;{}&#8221;][et_pb_text _builder_version=&#8221;4.27.4&#8243; _module_preset=&#8221;default&#8221; header_3_font=&#8221;&#8211;et_global_heading_font||||||||&#8221; header_3_text_color=&#8221;#FFFFFF&#8221; header_4_font=&#8221;&#8211;et_global_heading_font||||||||&#8221; header_4_text_color=&#8221;#FFFFFF&#8221; custom_margin=&#8221;|||46px||&#8221; global_colors_info=&#8221;{}&#8221;]<\/p>\n<h4 style=\"text-align: left;\"><span><img loading=\"lazy\" decoding=\"async\" src=\"https:\/\/autogrill24.com\/wp-content\/uploads\/2025\/06\/clock.png\" width=\"45\" height=\"45\" alt=\"\" class=\"wp-image-1042 alignnone size-full\" srcset=\"https:\/\/autogrill24.com\/wp-content\/uploads\/2025\/06\/clock.png 256w, https:\/\/autogrill24.com\/wp-content\/uploads\/2025\/06\/clock-150x150.png 150w, https:\/\/autogrill24.com\/wp-content\/uploads\/2025\/06\/clock-12x12.png 12w\" sizes=\"(max-width: 45px) 100vw, 45px\" \/>\u00a0Hapur 24 or\u00eb!<\/span><\/h4>\n<p>[\/et_pb_text][et_pb_text _builder_version=&#8221;4.27.4&#8243; _module_preset=&#8221;default&#8221; header_3_font=&#8221;&#8211;et_global_heading_font||||||||&#8221; header_3_text_color=&#8221;#FFFFFF&#8221; header_4_font=&#8221;&#8211;et_global_heading_font||||||||&#8221; header_4_text_color=&#8221;#FFFFFF&#8221; custom_margin=&#8221;|||44px||&#8221; global_colors_info=&#8221;{}&#8221;]<\/p>\n<h4><span> <img loading=\"lazy\" decoding=\"async\" src=\"https:\/\/autogrill24.com\/wp-content\/uploads\/2025\/06\/navigation.png\" width=\"50\" height=\"50\" alt=\"\" class=\"wp-image-1041 alignnone size-full\" srcset=\"https:\/\/autogrill24.com\/wp-content\/uploads\/2025\/06\/navigation.png 256w, https:\/\/autogrill24.com\/wp-content\/uploads\/2025\/06\/navigation-150x150.png 150w, https:\/\/autogrill24.com\/wp-content\/uploads\/2025\/06\/navigation-12x12.png 12w\" sizes=\"(max-width: 50px) 100vw, 50px\" \/>Rr. Fier \u2013 Tepelen\u00eb, Km 28 (POCEM), Fier<\/span><\/h4>\n<p>[\/et_pb_text][\/et_pb_column][\/et_pb_row][\/et_pb_section]<\/p>\n","protected":false},"excerpt":{"rendered":"<p>Karburant Karburant cil\u00ebsor e konkurrues \u2013 furnizojm\u00eb me benzin\u00eb (95 RON), naft\u00eb dhe sare me cil\u00ebsi t\u00eb lart\u00eb, n\u00eb \u00e7mime t\u00eb leverdishme p\u00ebr klient\u00ebt tan\u00eb\u00a0 Sh\u00ebrbim i personalizuar \u2013 punonj\u00ebsit tan\u00eb jan\u00eb t\u00eb gatsh\u00ebm t\u2019ju ndihmojn\u00eb me furnizimin, t\u00eb ju japin k\u00ebshilla zgjidhje p\u00ebr nevojat e makin\u00ebs tuaj, duke ofruar alternativ\u00eb falas p\u00ebr aj\u00ebr dhe [&hellip;]<\/p>\n","protected":false},"author":1,"featured_media":0,"parent":0,"menu_order":0,"comment_status":"closed","ping_status":"closed","template":"","meta":{"_et_pb_use_builder":"on","_et_pb_old_content":"<!-- wp:divi\/placeholder \/-->","_et_gb_content_width":"","footnotes":""},"class_list":["post-24","page","type-page","status-publish","hentry"],"aioseo_notices":[],"rttpg_featured_image_url":null,"rttpg_author":{"display_name":"wpadmin3642","author_link":"https:\/\/autogrill24.com\/en\/author\/wpadmin3642\/"},"rttpg_comment":0,"rttpg_category":null,"rttpg_excerpt":"Karburant Karburant cil\u00ebsor e konkurrues \u2013 furnizojm\u00eb me benzin\u00eb (95 RON), naft\u00eb dhe sare me cil\u00ebsi t\u00eb lart\u00eb, n\u00eb \u00e7mime t\u00eb leverdishme p\u00ebr klient\u00ebt tan\u00eb\u00a0 Sh\u00ebrbim i personalizuar \u2013 punonj\u00ebsit tan\u00eb jan\u00eb t\u00eb gatsh\u00ebm t\u2019ju ndihmojn\u00eb me furnizimin, t\u00eb ju japin k\u00ebshilla zgjidhje p\u00ebr nevojat e makin\u00ebs tuaj, duke ofruar alternativ\u00eb falas p\u00ebr aj\u00ebr dhe&hellip;","_links":{"self":[{"href":"https:\/\/autogrill24.com\/en\/wp-json\/wp\/v2\/pages\/24","targetHints":{"allow":["GET"]}}],"collection":[{"href":"https:\/\/autogrill24.com\/en\/wp-json\/wp\/v2\/pages"}],"about":[{"href":"https:\/\/autogrill24.com\/en\/wp-json\/wp\/v2\/types\/page"}],"author":[{"embeddable":true,"href":"https:\/\/autogrill24.com\/en\/wp-json\/wp\/v2\/users\/1"}],"replies":[{"embeddable":true,"href":"https:\/\/autogrill24.com\/en\/wp-json\/wp\/v2\/comments?post=24"}],"version-history":[{"count":8,"href":"https:\/\/autogrill24.com\/en\/wp-json\/wp\/v2\/pages\/24\/revisions"}],"predecessor-version":[{"id":1258,"href":"https:\/\/autogrill24.com\/en\/wp-json\/wp\/v2\/pages\/24\/revisions\/1258"}],"wp:attachment":[{"href":"https:\/\/autogrill24.com\/en\/wp-json\/wp\/v2\/media?parent=24"}],"curies":[{"name":"wp","href":"https:\/\/api.w.org\/{rel}","templated":true}]}}