{"id":27,"date":"2025-06-14T20:56:41","date_gmt":"2025-06-14T20:56:41","guid":{"rendered":"https:\/\/autogrill24.com\/?page_id=27"},"modified":"2025-07-12T14:11:23","modified_gmt":"2025-07-12T14:11:23","slug":"market","status":"publish","type":"page","link":"https:\/\/autogrill24.com\/en\/market\/","title":{"rendered":"Market"},"content":{"rendered":"<p>[et_pb_section fb_built=&#8221;1&#8243; _builder_version=&#8221;4.27.4&#8243; _module_preset=&#8221;default&#8221; custom_padding=&#8221;0px||1px|||&#8221; top_divider_style=&#8221;arrow2&#8243; top_divider_color=&#8221;#1562ac&#8221; top_divider_height=&#8221;42px&#8221; global_colors_info=&#8221;{}&#8221;][\/et_pb_section][et_pb_section fb_built=&#8221;1&#8243; _builder_version=&#8221;4.27.4&#8243; _module_preset=&#8221;default&#8221; global_colors_info=&#8221;{}&#8221;][et_pb_row column_structure=&#8221;1_2,1_2&#8243; _builder_version=&#8221;4.27.4&#8243; _module_preset=&#8221;default&#8221; custom_margin=&#8221;-8px|auto||auto||&#8221; custom_padding=&#8221;6px||4px|||&#8221; global_colors_info=&#8221;{}&#8221;][et_pb_column type=&#8221;1_2&#8243; _builder_version=&#8221;4.27.4&#8243; _module_preset=&#8221;default&#8221; global_colors_info=&#8221;{}&#8221;][et_pb_image src=&#8221;https:\/\/autogrill24.com\/wp-content\/uploads\/2025\/06\/WhatsApp-Image-2025-06-12-at-15.45.35-5.jpeg&#8221; title_text=&#8221;WhatsApp Image 2025-06-12 at 15.45.35 (5)&#8221; _builder_version=&#8221;4.27.4&#8243; _module_preset=&#8221;default&#8221; custom_margin=&#8221;26px|||||&#8221; border_radii=&#8221;on|2px|2px|2px|2px&#8221; border_color_all=&#8221;#000000&#8243; box_shadow_style=&#8221;preset1&#8243; box_shadow_color=&#8221;rgba(21,98,172,0.71)&#8221; global_colors_info=&#8221;{}&#8221;][\/et_pb_image][et_pb_image src=&#8221;https:\/\/autogrill24.com\/wp-content\/uploads\/2025\/06\/WhatsApp-Image-2025-06-12-at-15.45.35-12.jpeg&#8221; title_text=&#8221;WhatsApp Image 2025-06-12 at 15.45.35 (12)&#8221; _builder_version=&#8221;4.27.4&#8243; _module_preset=&#8221;default&#8221; custom_margin=&#8221;26px|||||&#8221; hover_enabled=&#8221;0&#8243; border_radii=&#8221;on|2px|2px|2px|2px&#8221; border_color_all=&#8221;#000000&#8243; box_shadow_style=&#8221;preset1&#8243; box_shadow_color=&#8221;rgba(21,98,172,0.71)&#8221; global_colors_info=&#8221;{}&#8221; sticky_enabled=&#8221;0&#8243;][\/et_pb_image][\/et_pb_column][et_pb_column type=&#8221;1_2&#8243; _builder_version=&#8221;4.27.4&#8243; _module_preset=&#8221;default&#8221; global_colors_info=&#8221;{}&#8221;][et_pb_video _builder_version=&#8221;4.27.4&#8243; _module_preset=&#8221;default&#8221; custom_margin=&#8221;||-10px|||&#8221; custom_padding=&#8221;0px|||||&#8221; global_colors_info=&#8221;{}&#8221;][\/et_pb_video][et_pb_text _builder_version=&#8221;4.27.4&#8243; _module_preset=&#8221;default&#8221; text_font=&#8221;Albert Sans||||||||&#8221; text_text_color=&#8221;rgba(38,38,38,0.75)&#8221; text_font_size=&#8221;17px&#8221; header_2_font=&#8221;&#8211;et_global_heading_font||||||||&#8221; custom_margin=&#8221;85px|||||&#8221; custom_padding=&#8221;3px|||||&#8221; global_colors_info=&#8221;{}&#8221;]<\/p>\n<h2 data-start=\"44\" data-end=\"82\">Market \u2013 butiku juaj i udh\u00ebtimit<\/h2>\n<p data-start=\"84\" data-end=\"121\"><span class=\"relative -mx-px my-[-0.2rem] rounded px-px py-[0.2rem] transition-colors duration-100 ease-in-out\">N\u00eb Autogrill\u202f24, marketi \u00ebsht\u00eb menduar si nj\u00eb mini-supermarket i aksesuesh\u00ebm p\u00ebr t\u2019ju ndihmuar t\u00eb kryeni furnizime t\u00eb shpejta gjat\u00eb rrug\u00ebs \u2013 pa u detyruar t\u00eb ndaloni n\u00eb supermarket. Konflikti i koh\u00ebs humbur \u00ebsht\u00eb tejkaluar me ofert\u00ebn ideale n\u00eb nj\u00eb vend t\u00eb vet\u00ebm.<\/span><\/p>\n<h3 data-start=\"123\" data-end=\"141\">\ud83e\udded \u00c7far\u00eb ofron<\/h3>\n<h3 data-start=\"123\" data-end=\"141\"><span class=\"relative -mx-px my-[-0.2rem] rounded px-px py-[0.2rem] transition-colors duration-100 ease-in-out\" style=\"font-size: 17px; color: rgba(38, 38, 38, 0.75); font-family: 'Albert Sans', Helvetica, Arial, Lucida, sans-serif; font-weight: 400;\"><strong data-start=\"0\" data-end=\"39\" data-is-only-node=\"\">Mallra t\u00eb domosdoshme p\u00ebr udh\u00ebtimin<\/strong>: snacks (chips, \u00e7okollata), pije (uj\u00eb, soda, energjike), kafe dhe produkte mikro-gastronomike \u2013 t\u00eb gjitha t\u00eb lehta p\u00ebr t\u2019u marr\u00eb dhe konsumuar n\u00eb rrug\u00eb<\/span><span style=\"font-size: 17px; color: rgba(38, 38, 38, 0.75); font-family: 'Albert Sans', Helvetica, Arial, Lucida, sans-serif; font-weight: 400;\"> .<\/span><\/h3>\n<h3 data-start=\"123\" data-end=\"141\"><span class=\"relative -mx-px my-[-0.2rem] rounded px-px py-[0.2rem] transition-colors duration-100 ease-in-out\" style=\"font-size: 17px; color: rgba(38, 38, 38, 0.75); font-family: 'Albert Sans', Helvetica, Arial, Lucida, sans-serif; font-weight: 400;\"><strong data-start=\"0\" data-end=\"43\" data-is-only-node=\"\">Produkte me jet\u00ebgjat\u00ebsi dhe t\u00eb fresk\u00ebta<\/strong>: arror\u00eb, fruta t\u00eb paketuar, kos, \u00ebmb\u00eblsira, dhe artikuj t\u00eb fresk\u00ebt t\u00eb dor\u00ebs s\u00eb par\u00eb<\/span><span style=\"font-size: 17px; color: rgba(38, 38, 38, 0.75); font-family: 'Albert Sans', Helvetica, Arial, Lucida, sans-serif; font-weight: 400;\"> .<\/span><\/h3>\n<h3 data-start=\"123\" data-end=\"141\"><span class=\"relative -mx-px my-[-0.2rem] rounded px-px py-[0.2rem] transition-colors duration-100 ease-in-out\" style=\"font-size: 17px; color: rgba(38, 38, 38, 0.75); font-family: 'Albert Sans', Helvetica, Arial, Lucida, sans-serif; font-weight: 400;\"><strong data-start=\"0\" data-end=\"27\" data-is-only-node=\"\">Zgjidhje t\u00eb sh\u00ebndetshme<\/strong>: sandui\u00e7e, sup\u00eb, pure fruta, etj., p\u00ebr konsum t\u00eb sh\u00ebndetsh\u00ebm dhe t\u00eb leht\u00eb \u2013 t\u00eb preferuara nga prind\u00ebr dhe udh\u00ebtar\u00eb t\u00eb rinj<\/span><span style=\"font-size: 17px; color: rgba(38, 38, 38, 0.75); font-family: 'Albert Sans', Helvetica, Arial, Lucida, sans-serif; font-weight: 400;\"> .<\/span><\/h3>\n<p>[\/et_pb_text][\/et_pb_column][\/et_pb_row][et_pb_row disabled_on=&#8221;on|off|off&#8221; _builder_version=&#8221;4.27.4&#8243; _module_preset=&#8221;default&#8221; custom_margin=&#8221;|auto|28px|auto||&#8221; custom_padding=&#8221;9px||5px|||&#8221; global_colors_info=&#8221;{}&#8221;][et_pb_column type=&#8221;4_4&#8243; _builder_version=&#8221;4.27.4&#8243; _module_preset=&#8221;default&#8221; global_colors_info=&#8221;{}&#8221;][et_pb_image src=&#8221;https:\/\/autogrill24.com\/wp-content\/uploads\/2025\/06\/503849168_18146396320381309_6406997282189340404_n-1.jpg&#8221; title_text=&#8221;503849168_18146396320381309_6406997282189340404_n (1)&#8221; align=&#8221;center&#8221; _builder_version=&#8221;4.27.4&#8243; _module_preset=&#8221;default&#8221; width=&#8221;5%&#8221; custom_padding=&#8221;29px||32px|||&#8221; box_shadow_style=&#8221;preset3&#8243; box_shadow_color=&#8221;#0257aa&#8221; global_colors_info=&#8221;{}&#8221;][\/et_pb_image][\/et_pb_column][\/et_pb_row][et_pb_row disabled_on=&#8221;off|on|on&#8221; _builder_version=&#8221;4.27.4&#8243; _module_preset=&#8221;default&#8221; custom_margin=&#8221;-10px|auto||auto|false|false&#8221; custom_padding=&#8221;25px||31px|||&#8221; global_colors_info=&#8221;{}&#8221;][et_pb_column type=&#8221;4_4&#8243; _builder_version=&#8221;4.27.4&#8243; _module_preset=&#8221;default&#8221; global_colors_info=&#8221;{}&#8221;][et_pb_image src=&#8221;https:\/\/autogrill24.com\/wp-content\/uploads\/2025\/06\/503849168_18146396320381309_6406997282189340404_n-1.jpg&#8221; title_text=&#8221;503849168_18146396320381309_6406997282189340404_n (1)&#8221; align=&#8221;center&#8221; _builder_version=&#8221;4.27.4&#8243; _module_preset=&#8221;default&#8221; width=&#8221;8%&#8221; max_width=&#8221;17%&#8221; box_shadow_style=&#8221;preset3&#8243; box_shadow_color=&#8221;#0257aa&#8221; global_colors_info=&#8221;{}&#8221;][\/et_pb_image][\/et_pb_column][\/et_pb_row][et_pb_row column_structure=&#8221;1_2,1_2&#8243; _builder_version=&#8221;4.27.4&#8243; _module_preset=&#8221;default&#8221; custom_padding=&#8221;2px|||||&#8221; global_colors_info=&#8221;{}&#8221;][et_pb_column type=&#8221;1_2&#8243; _builder_version=&#8221;4.27.4&#8243; _module_preset=&#8221;default&#8221; global_colors_info=&#8221;{}&#8221;][et_pb_text _builder_version=&#8221;4.27.4&#8243; _module_preset=&#8221;default&#8221; text_font=&#8221;Albert Sans||||||||&#8221; text_text_color=&#8221;rgba(38,38,38,0.75)&#8221; text_font_size=&#8221;17px&#8221; header_2_font=&#8221;&#8211;et_global_heading_font||||||||&#8221; custom_padding=&#8221;14px|||||&#8221; global_colors_info=&#8221;{}&#8221;]<\/p>\n<h3 data-start=\"380\" data-end=\"418\">\ud83d\ude80 Pse \u00ebsht\u00eb i ve\u00e7ant\u00eb marketi yn\u00eb<\/h3>\n<ul data-start=\"419\" data-end=\"746\">\n<li data-start=\"419\" data-end=\"497\">\n<p data-start=\"421\" data-end=\"497\"><span class=\"relative -mx-px my-[-0.2rem] rounded px-px py-[0.2rem] transition-colors duration-100 ease-in-out\"><strong data-start=\"0\" data-end=\"23\" data-is-only-node=\"\">Shpejt\u00ebsi maksimale<\/strong> \u2013 klient\u00ebt b\u00ebjn\u00eb blerje impulsive brenda pak minutash, pa devijuar nga plani p\u00ebr ndales\u00eb t\u00eb karburantit<\/span> .<\/p>\n<\/li>\n<li data-start=\"498\" data-end=\"580\">\n<p data-start=\"500\" data-end=\"580\"><span class=\"relative -mx-px my-[-0.2rem] rounded px-px py-[0.2rem] transition-colors duration-100 ease-in-out\"><strong data-start=\"0\" data-end=\"33\" data-is-only-node=\"\">Produkte me p\u00ebrfitim t\u00eb lart\u00eb<\/strong> \u2013 p\u00ebrzgjedhjet e vogla sjellin fitim t\u00eb mir\u00eb dhe i japin vler\u00eb \u00e7do blerjeje baz\u00eb<\/span> .<\/p>\n<\/li>\n<li data-start=\"581\" data-end=\"663\">\n<p data-start=\"583\" data-end=\"663\"><span class=\"relative -mx-px my-[-0.2rem] rounded px-px py-[0.2rem] transition-colors duration-100 ease-in-out\"><strong data-start=\"0\" data-end=\"25\" data-is-only-node=\"\">Diversitet i zgjeruar<\/strong> \u2013 nga snack etj., deri te produkte udh\u00ebtimi, vegla ose aksesor\u00eb \u2013 zgjasim q\u00ebndrimin tuaj me zgjidhje t\u00eb ndryshme<\/span> .<\/p>\n<\/li>\n<li data-start=\"664\" data-end=\"746\">\n<p data-start=\"666\" data-end=\"746\"><span class=\"relative -mx-px my-[-0.2rem] rounded px-px py-[0.2rem] transition-colors duration-100 ease-in-out\"><strong data-start=\"0\" data-end=\"33\" data-is-only-node=\"\">Besnik\u00ebri p\u00ebrmes teknologjis\u00eb<\/strong> \u2013 programet me pik\u00eb, nd\u00ebrveprim n\u00eb pomp\u00eb dhe pages\u00eb t\u00eb shpejt\u00eb; gjith\u00e7ka p\u00ebr t\u00eb kursyer koh\u00eb e p\u00ebrvoj\u00eb<\/span> .<\/p>\n<\/li>\n<\/ul>\n<p>[\/et_pb_text][\/et_pb_column][et_pb_column type=&#8221;1_2&#8243; _builder_version=&#8221;4.27.4&#8243; _module_preset=&#8221;default&#8221; global_colors_info=&#8221;{}&#8221;][et_pb_video src=&#8221;https:\/\/autogrill24.com\/wp-content\/uploads\/2025\/07\/WhatsApp-Video-2025-07-12-at-13.33.54.mp4&#8243; _builder_version=&#8221;4.27.4&#8243; _module_preset=&#8221;default&#8221; title_text=&#8221;WhatsApp Video 2025-07-12 at 13.33.54&#8243; hover_enabled=&#8221;0&#8243; sticky_enabled=&#8221;0&#8243; box_shadow_style=&#8221;preset1&#8243; box_shadow_color=&#8221;rgba(21,98,172,0.71)&#8221; module_class=&#8221;lwp-video-autoplay&#8221;][\/et_pb_video][\/et_pb_column][\/et_pb_row][\/et_pb_section][et_pb_section fb_built=&#8221;1&#8243; _builder_version=&#8221;4.27.4&#8243; _module_preset=&#8221;default&#8221; custom_padding=&#8221;6px||12px|||&#8221; bottom_divider_style=&#8221;arrow2&#8243; bottom_divider_color=&#8221;#1562ac&#8221; bottom_divider_height=&#8221;42px&#8221; global_colors_info=&#8221;{}&#8221;][\/et_pb_section][et_pb_section fb_built=&#8221;1&#8243; disabled_on=&#8221;off|off|off&#8221; _builder_version=&#8221;4.27.4&#8243; _module_preset=&#8221;default&#8221; background_color=&#8221;#1562ac&#8221; custom_margin=&#8221;||||false|false&#8221; custom_padding=&#8221;20px||0px|||&#8221; global_colors_info=&#8221;{}&#8221;][et_pb_row column_structure=&#8221;1_3,1_3,1_3&#8243; _builder_version=&#8221;4.27.4&#8243; _module_preset=&#8221;default&#8221; custom_margin=&#8221;|auto|-11px|auto||&#8221; custom_padding=&#8221;55px||58px|||&#8221; global_colors_info=&#8221;{}&#8221;][et_pb_column type=&#8221;1_3&#8243; _builder_version=&#8221;4.27.4&#8243; _module_preset=&#8221;default&#8221; global_colors_info=&#8221;{}&#8221;][et_pb_text _builder_version=&#8221;4.27.4&#8243; _module_preset=&#8221;default&#8221; header_3_font=&#8221;&#8211;et_global_heading_font||||||||&#8221; header_3_text_color=&#8221;#FFFFFF&#8221; global_colors_info=&#8221;{}&#8221;]<\/p>\n<h3 style=\"text-align: center;\"><a href=\"https:\/\/autogrill24.com\/\">Kreu<\/a><\/h3>\n<h3 style=\"text-align: center;\"><a href=\"https:\/\/autogrill24.com\/rreth-nesh\/\">Rreth Nesh<\/a><\/h3>\n<h3 style=\"text-align: center;\"><a href=\"https:\/\/autogrill24.com\/galeri\/\">Galeri<\/a><\/h3>\n<h3 style=\"text-align: center;\"><a href=\"https:\/\/autogrill24.com\/sherbime\/\">Sherbime<\/a><\/h3>\n<h3 style=\"text-align: center;\"><a href=\"https:\/\/autogrill24.com\/kontakte\/\">Kontakte<\/a><\/h3>\n<p>[\/et_pb_text][\/et_pb_column][et_pb_column type=&#8221;1_3&#8243; _builder_version=&#8221;4.27.4&#8243; _module_preset=&#8221;default&#8221; global_colors_info=&#8221;{}&#8221;][et_pb_image src=&#8221;https:\/\/autogrill24.com\/wp-content\/uploads\/2025\/06\/cropped-503849168_18146396320381309_6406997282189340404_n-e1750850514527.jpg&#8221; title_text=&#8221;cropped-503849168_18146396320381309_6406997282189340404_n.jpg&#8221; align=&#8221;center&#8221; _builder_version=&#8221;4.27.4&#8243; _module_preset=&#8221;default&#8221; width=&#8221;100%&#8221; max_width=&#8221;65%&#8221; module_alignment=&#8221;center&#8221; max_height=&#8221;1000px&#8221; custom_margin=&#8221;2px|||||&#8221; border_radii=&#8221;on|20px|20px|20px|20px&#8221; box_shadow_style=&#8221;preset3&#8243; box_shadow_spread=&#8221;-10px&#8221; box_shadow_color=&#8221;#FFFFFF&#8221; global_colors_info=&#8221;{}&#8221;][\/et_pb_image][\/et_pb_column][et_pb_column type=&#8221;1_3&#8243; _builder_version=&#8221;4.27.4&#8243; _module_preset=&#8221;default&#8221; global_colors_info=&#8221;{}&#8221;][et_pb_text _builder_version=&#8221;4.27.4&#8243; _module_preset=&#8221;default&#8221; header_3_font=&#8221;&#8211;et_global_heading_font||||||||&#8221; header_3_text_color=&#8221;#FFFFFF&#8221; header_4_font=&#8221;&#8211;et_global_heading_font||||||||&#8221; header_4_text_color=&#8221;#FFFFFF&#8221; custom_margin=&#8221;|||46px||&#8221; global_colors_info=&#8221;{}&#8221;]<\/p>\n<h4 style=\"text-align: left;\"><span><img loading=\"lazy\" decoding=\"async\" src=\"https:\/\/autogrill24.com\/wp-content\/uploads\/2025\/06\/clock.png\" width=\"45\" height=\"45\" alt=\"\" class=\"wp-image-1042 alignnone size-full\" srcset=\"https:\/\/autogrill24.com\/wp-content\/uploads\/2025\/06\/clock.png 256w, https:\/\/autogrill24.com\/wp-content\/uploads\/2025\/06\/clock-150x150.png 150w, https:\/\/autogrill24.com\/wp-content\/uploads\/2025\/06\/clock-12x12.png 12w\" sizes=\"(max-width: 45px) 100vw, 45px\" \/>\u00a0Hapur 24 or\u00eb!<\/span><\/h4>\n<p>[\/et_pb_text][et_pb_text _builder_version=&#8221;4.27.4&#8243; _module_preset=&#8221;default&#8221; header_3_font=&#8221;&#8211;et_global_heading_font||||||||&#8221; header_3_text_color=&#8221;#FFFFFF&#8221; header_4_font=&#8221;&#8211;et_global_heading_font||||||||&#8221; header_4_text_color=&#8221;#FFFFFF&#8221; custom_margin=&#8221;|||44px||&#8221; global_colors_info=&#8221;{}&#8221;]<\/p>\n<h4><span> <img loading=\"lazy\" decoding=\"async\" src=\"https:\/\/autogrill24.com\/wp-content\/uploads\/2025\/06\/navigation.png\" width=\"50\" height=\"50\" alt=\"\" class=\"wp-image-1041 alignnone size-full\" srcset=\"https:\/\/autogrill24.com\/wp-content\/uploads\/2025\/06\/navigation.png 256w, https:\/\/autogrill24.com\/wp-content\/uploads\/2025\/06\/navigation-150x150.png 150w, https:\/\/autogrill24.com\/wp-content\/uploads\/2025\/06\/navigation-12x12.png 12w\" sizes=\"(max-width: 50px) 100vw, 50px\" \/>Rr. Fier \u2013 Tepelen\u00eb, Km 28 (POCEM), Fier<\/span><\/h4>\n<p>[\/et_pb_text][\/et_pb_column][\/et_pb_row][\/et_pb_section]<\/p>\n","protected":false},"excerpt":{"rendered":"<p>Market \u2013 butiku juaj i udh\u00ebtimit N\u00eb Autogrill\u202f24, marketi \u00ebsht\u00eb menduar si nj\u00eb mini-supermarket i aksesuesh\u00ebm p\u00ebr t\u2019ju ndihmuar t\u00eb kryeni furnizime t\u00eb shpejta gjat\u00eb rrug\u00ebs \u2013 pa u detyruar t\u00eb ndaloni n\u00eb supermarket. Konflikti i koh\u00ebs humbur \u00ebsht\u00eb tejkaluar me ofert\u00ebn ideale n\u00eb nj\u00eb vend t\u00eb vet\u00ebm. \ud83e\udded \u00c7far\u00eb ofron Mallra t\u00eb domosdoshme p\u00ebr [&hellip;]<\/p>\n","protected":false},"author":1,"featured_media":0,"parent":0,"menu_order":0,"comment_status":"closed","ping_status":"closed","template":"","meta":{"_et_pb_use_builder":"on","_et_pb_old_content":"<!-- wp:divi\/placeholder \/-->","_et_gb_content_width":"","footnotes":""},"class_list":["post-27","page","type-page","status-publish","hentry"],"aioseo_notices":[],"rttpg_featured_image_url":null,"rttpg_author":{"display_name":"wpadmin3642","author_link":"https:\/\/autogrill24.com\/en\/author\/wpadmin3642\/"},"rttpg_comment":0,"rttpg_category":null,"rttpg_excerpt":"Market \u2013 butiku juaj i udh\u00ebtimit N\u00eb Autogrill\u202f24, marketi \u00ebsht\u00eb menduar si nj\u00eb mini-supermarket i aksesuesh\u00ebm p\u00ebr t\u2019ju ndihmuar t\u00eb kryeni furnizime t\u00eb shpejta gjat\u00eb rrug\u00ebs \u2013 pa u detyruar t\u00eb ndaloni n\u00eb supermarket. Konflikti i koh\u00ebs humbur \u00ebsht\u00eb tejkaluar me ofert\u00ebn ideale n\u00eb nj\u00eb vend t\u00eb vet\u00ebm. \ud83e\udded \u00c7far\u00eb ofron Mallra t\u00eb domosdoshme p\u00ebr&hellip;","_links":{"self":[{"href":"https:\/\/autogrill24.com\/en\/wp-json\/wp\/v2\/pages\/27","targetHints":{"allow":["GET"]}}],"collection":[{"href":"https:\/\/autogrill24.com\/en\/wp-json\/wp\/v2\/pages"}],"about":[{"href":"https:\/\/autogrill24.com\/en\/wp-json\/wp\/v2\/types\/page"}],"author":[{"embeddable":true,"href":"https:\/\/autogrill24.com\/en\/wp-json\/wp\/v2\/users\/1"}],"replies":[{"embeddable":true,"href":"https:\/\/autogrill24.com\/en\/wp-json\/wp\/v2\/comments?post=27"}],"version-history":[{"count":10,"href":"https:\/\/autogrill24.com\/en\/wp-json\/wp\/v2\/pages\/27\/revisions"}],"predecessor-version":[{"id":1338,"href":"https:\/\/autogrill24.com\/en\/wp-json\/wp\/v2\/pages\/27\/revisions\/1338"}],"wp:attachment":[{"href":"https:\/\/autogrill24.com\/en\/wp-json\/wp\/v2\/media?parent=27"}],"curies":[{"name":"wp","href":"https:\/\/api.w.org\/{rel}","templated":true}]}}