{"id":33,"date":"2025-06-14T20:58:10","date_gmt":"2025-06-14T20:58:10","guid":{"rendered":"https:\/\/autogrill24.com\/?page_id=33"},"modified":"2025-06-28T21:02:48","modified_gmt":"2025-06-28T21:02:48","slug":"pike-karikimi-per-makina","status":"publish","type":"page","link":"https:\/\/autogrill24.com\/en\/pike-karikimi-per-makina\/","title":{"rendered":"Charging points for cars"},"content":{"rendered":"<p>[et_pb_section fb_built=&#8221;1&#8243; _builder_version=&#8221;4.27.4&#8243; _module_preset=&#8221;default&#8221; custom_padding=&#8221;0px||6px|||&#8221; top_divider_style=&#8221;arrow2&#8243; top_divider_color=&#8221;#1562ac&#8221; top_divider_height=&#8221;42px&#8221; global_colors_info=&#8221;{}&#8221;][\/et_pb_section][et_pb_section fb_built=&#8221;1&#8243; _builder_version=&#8221;4.27.4&#8243; _module_preset=&#8221;default&#8221; custom_padding=&#8221;64px|||||&#8221; global_colors_info=&#8221;{}&#8221;][et_pb_row column_structure=&#8221;1_2,1_2&#8243; _builder_version=&#8221;4.27.4&#8243; _module_preset=&#8221;default&#8221; custom_padding=&#8221;6px||29px|||&#8221; global_colors_info=&#8221;{}&#8221;][et_pb_column type=&#8221;1_2&#8243; _builder_version=&#8221;4.27.4&#8243; _module_preset=&#8221;default&#8221; global_colors_info=&#8221;{}&#8221;][et_pb_image src=&#8221;https:\/\/autogrill24.com\/wp-content\/uploads\/2025\/06\/pexels-bank-3846205-scaled.jpg&#8221; title_text=&#8221;pexels-bank-3846205&#8243; _builder_version=&#8221;4.27.4&#8243; _module_preset=&#8221;default&#8221; custom_margin=&#8221;26px|||||&#8221; border_radii=&#8221;on|2px|2px|2px|2px&#8221; border_color_all=&#8221;#000000&#8243; box_shadow_style=&#8221;preset2&#8243; box_shadow_color=&#8221;rgba(21,98,172,0.71)&#8221; global_colors_info=&#8221;{}&#8221;][\/et_pb_image][\/et_pb_column][et_pb_column type=&#8221;1_2&#8243; _builder_version=&#8221;4.27.4&#8243; _module_preset=&#8221;default&#8221; global_colors_info=&#8221;{}&#8221;][et_pb_video _builder_version=&#8221;4.27.4&#8243; _module_preset=&#8221;default&#8221; custom_margin=&#8221;||-10px|||&#8221; custom_padding=&#8221;0px|||||&#8221; global_colors_info=&#8221;{}&#8221;][\/et_pb_video][et_pb_text _builder_version=&#8221;4.27.4&#8243; _module_preset=&#8221;default&#8221; text_font=&#8221;Albert Sans||||||||&#8221; text_text_color=&#8221;rgba(38,38,38,0.75)&#8221; text_font_size=&#8221;17px&#8221; header_2_font=&#8221;&#8211;et_global_heading_font||||||||&#8221; custom_padding=&#8221;20px||0px|||&#8221; global_colors_info=&#8221;{}&#8221;]<\/p>\n<h2 data-start=\"220\" data-end=\"262\">\ud83d\udd0b Pik\u00eb Karikimi p\u00ebr Makina Elektrike<\/h2>\n<p data-start=\"263\" data-end=\"570\">N\u00eb <strong data-start=\"266\" data-end=\"282\">Autogrill 24<\/strong>, jemi gjithmon\u00eb t\u00eb p\u00ebrkushtuar p\u00ebr t\u00eb p\u00ebrmir\u00ebsuar sh\u00ebrbimet tona dhe p\u00ebr t\u00eb ndjekur zhvillimet m\u00eb t\u00eb fundit teknologjike dhe mjedisore. Tani ofrojm\u00eb nj\u00eb <strong data-start=\"436\" data-end=\"482\">pik\u00eb moderne karikimi p\u00ebr makina elektrike<\/strong>, p\u00ebr t\u00eb gjith\u00eb udh\u00ebtar\u00ebt q\u00eb k\u00ebrkojn\u00eb komoditet dhe efikasitet gjat\u00eb udh\u00ebtimeve t\u00eb tyre.<\/p>\n<h3 data-start=\"1355\" data-end=\"1376\">Si funksionon?<\/h3>\n<ul data-start=\"1377\" data-end=\"1568\">\n<li data-start=\"1377\" data-end=\"1420\">\n<p data-start=\"1379\" data-end=\"1420\">Vendosni makin\u00ebn n\u00eb stacionin e karikimit<\/p>\n<\/li>\n<li data-start=\"1421\" data-end=\"1496\">\n<p data-start=\"1423\" data-end=\"1496\">P\u00ebrdorni kart\u00ebn e pages\u00ebs ose aplikacionin p\u00ebrkat\u00ebs p\u00ebr t\u00eb nisur procesin<\/p>\n<\/li>\n<li data-start=\"1497\" data-end=\"1568\">\n<p data-start=\"1499\" data-end=\"1568\">Mund t\u00eb kontrolloni koh\u00ebn dhe nivelin e karikimit n\u00eb ekranin digjital<\/p>\n<\/li>\n<\/ul>\n<p data-start=\"235\" data-end=\"313\">[\/et_pb_text][\/et_pb_column][\/et_pb_row][et_pb_row disabled_on=&#8221;on|off|off&#8221; _builder_version=&#8221;4.27.4&#8243; _module_preset=&#8221;default&#8221; custom_margin=&#8221;|auto|39px|auto||&#8221; custom_padding=&#8221;32px||5px|||&#8221; global_colors_info=&#8221;{}&#8221;][et_pb_column type=&#8221;4_4&#8243; _builder_version=&#8221;4.27.4&#8243; _module_preset=&#8221;default&#8221; global_colors_info=&#8221;{}&#8221;][et_pb_image src=&#8221;https:\/\/autogrill24.com\/wp-content\/uploads\/2025\/06\/503849168_18146396320381309_6406997282189340404_n-1.jpg&#8221; title_text=&#8221;503849168_18146396320381309_6406997282189340404_n (1)&#8221; align=&#8221;center&#8221; _builder_version=&#8221;4.27.4&#8243; _module_preset=&#8221;default&#8221; width=&#8221;5%&#8221; box_shadow_style=&#8221;preset3&#8243; box_shadow_color=&#8221;#0257aa&#8221; global_colors_info=&#8221;{}&#8221;][\/et_pb_image][\/et_pb_column][\/et_pb_row][et_pb_row disabled_on=&#8221;off|on|on&#8221; _builder_version=&#8221;4.27.4&#8243; _module_preset=&#8221;default&#8221; custom_margin=&#8221;-16px|auto||auto|false|false&#8221; custom_padding=&#8221;9px||39px|||&#8221; global_colors_info=&#8221;{}&#8221;][et_pb_column type=&#8221;4_4&#8243; _builder_version=&#8221;4.27.4&#8243; _module_preset=&#8221;default&#8221; global_colors_info=&#8221;{}&#8221;][et_pb_image src=&#8221;https:\/\/autogrill24.com\/wp-content\/uploads\/2025\/06\/503849168_18146396320381309_6406997282189340404_n-1.jpg&#8221; title_text=&#8221;503849168_18146396320381309_6406997282189340404_n (1)&#8221; align=&#8221;center&#8221; _builder_version=&#8221;4.27.4&#8243; _module_preset=&#8221;default&#8221; width=&#8221;8%&#8221; max_width=&#8221;17%&#8221; box_shadow_style=&#8221;preset3&#8243; box_shadow_color=&#8221;#0257aa&#8221; global_colors_info=&#8221;{}&#8221;][\/et_pb_image][\/et_pb_column][\/et_pb_row][et_pb_row column_structure=&#8221;1_2,1_2&#8243; _builder_version=&#8221;4.27.4&#8243; _module_preset=&#8221;default&#8221; custom_padding=&#8221;6px||29px|||&#8221; global_colors_info=&#8221;{}&#8221;][et_pb_column type=&#8221;1_2&#8243; _builder_version=&#8221;4.27.4&#8243; _module_preset=&#8221;default&#8221; global_colors_info=&#8221;{}&#8221;][et_pb_text _builder_version=&#8221;4.27.4&#8243; _module_preset=&#8221;default&#8221; text_font=&#8221;Albert Sans||||||||&#8221; text_text_color=&#8221;rgba(38,38,38,0.75)&#8221; text_font_size=&#8221;17px&#8221; header_2_font=&#8221;&#8211;et_global_heading_font||||||||&#8221; custom_padding=&#8221;3px|||||&#8221; global_colors_info=&#8221;{}&#8221;]<\/p>\n<h3 data-start=\"572\" data-end=\"603\">\u2705 Karakteristikat kryesore:<\/h3>\n<ul data-start=\"604\" data-end=\"1353\">\n<li data-start=\"604\" data-end=\"785\">\n<p data-start=\"606\" data-end=\"785\"><strong data-start=\"606\" data-end=\"643\">Karikim i shpejt\u00eb (Fast Charging)<\/strong><br data-start=\"643\" data-end=\"646\" \/>Teknologji e avancuar p\u00ebr t\u00eb karikuar makin\u00ebn tuaj n\u00eb m\u00eb pak koh\u00eb. E p\u00ebrshtatshme p\u00ebr automjete me standarde evropiane dhe nd\u00ebrkomb\u00ebtare.<\/p>\n<\/li>\n<li data-start=\"789\" data-end=\"903\">\n<p data-start=\"791\" data-end=\"903\"><strong data-start=\"791\" data-end=\"814\">E disponueshme 24\/7<\/strong><br data-start=\"814\" data-end=\"817\" \/>Sh\u00ebrbimi yn\u00eb \u00ebsht\u00eb i hapur n\u00eb \u00e7do koh\u00eb, p\u00ebr t\u00eb p\u00ebrmbushur nevojat tuaja dit\u00eb e nat\u00eb.<\/p>\n<\/li>\n<li data-start=\"905\" data-end=\"1060\">\n<p data-start=\"907\" data-end=\"1060\"><strong data-start=\"907\" data-end=\"934\">Vendndodhje strategjike<\/strong><br data-start=\"934\" data-end=\"937\" \/>Ndodhemi n\u00eb rrug\u00ebn <strong data-start=\"958\" data-end=\"995\">Levan\u2013Tepelen\u00eb km 28, Po\u00e7em, Fier<\/strong> \u2014 nj\u00eb pik\u00eb ndalese ideale gjat\u00eb udh\u00ebtimeve n\u00eb jug t\u00eb Shqip\u00ebris\u00eb.<\/p>\n<\/li>\n<li data-start=\"1062\" data-end=\"1353\">\n<p data-start=\"1064\" data-end=\"1176\"><strong data-start=\"1064\" data-end=\"1099\">Sh\u00ebrbime shtes\u00eb gjat\u00eb karikimit<\/strong><br data-start=\"1099\" data-end=\"1102\" \/>Nd\u00ebrkoh\u00eb q\u00eb makina juaj karikohet, mund t\u00eb p\u00ebrfitoni nga ambientet tona:<\/p>\n<ul data-start=\"1179\" data-end=\"1353\">\n<li data-start=\"1179\" data-end=\"1235\">\n<p data-start=\"1181\" data-end=\"1235\">Bar &amp; Restorant me ushqim tradicional dhe nd\u00ebrkomb\u00ebtar<\/p>\n<\/li>\n<li data-start=\"1238\" data-end=\"1257\">\n<p data-start=\"1240\" data-end=\"1257\">Tualete t\u00eb pastra<\/p>\n<\/li>\n<li data-start=\"1260\" data-end=\"1290\">\n<p data-start=\"1262\" data-end=\"1290\">Market p\u00ebr nevoja t\u00eb shpejta<\/p>\n<\/li>\n<li data-start=\"1293\" data-end=\"1315\">\n<p data-start=\"1295\" data-end=\"1315\">Lavazh dhe karburant<\/p>\n<\/li>\n<li data-start=\"1318\" data-end=\"1353\">\n<p data-start=\"1320\" data-end=\"1353\">Wifi falas dhe pushim i rehatsh\u00ebm<\/p>\n<\/li>\n<\/ul>\n<\/li>\n<\/ul>\n<p data-start=\"235\" data-end=\"313\">[\/et_pb_text][\/et_pb_column][et_pb_column type=&#8221;1_2&#8243; _builder_version=&#8221;4.27.4&#8243; _module_preset=&#8221;default&#8221; global_colors_info=&#8221;{}&#8221;][et_pb_image src=&#8221;https:\/\/autogrill24.com\/wp-content\/uploads\/2025\/06\/pexels-jacek-s-3042261-9469484-scaled.jpg&#8221; title_text=&#8221;pexels-jacek-s-3042261-9469484&#8243; _builder_version=&#8221;4.27.4&#8243; _module_preset=&#8221;default&#8221; custom_margin=&#8221;79px|||||&#8221; border_radii=&#8221;on|2px|2px|2px|2px&#8221; border_color_all=&#8221;#000000&#8243; box_shadow_style=&#8221;preset1&#8243; box_shadow_color=&#8221;rgba(21,98,172,0.71)&#8221; global_colors_info=&#8221;{}&#8221;][\/et_pb_image][et_pb_video _builder_version=&#8221;4.27.4&#8243; _module_preset=&#8221;default&#8221; custom_margin=&#8221;||-10px|||&#8221; custom_padding=&#8221;0px|||||&#8221; global_colors_info=&#8221;{}&#8221;][\/et_pb_video][\/et_pb_column][\/et_pb_row][\/et_pb_section][et_pb_section fb_built=&#8221;1&#8243; _builder_version=&#8221;4.27.4&#8243; _module_preset=&#8221;default&#8221; custom_padding=&#8221;5px||7px|||&#8221; bottom_divider_style=&#8221;arrow2&#8243; bottom_divider_color=&#8221;#1562ac&#8221; bottom_divider_height=&#8221;42px&#8221; global_colors_info=&#8221;{}&#8221;][\/et_pb_section][et_pb_section fb_built=&#8221;1&#8243; disabled_on=&#8221;off|off|off&#8221; _builder_version=&#8221;4.27.4&#8243; _module_preset=&#8221;default&#8221; background_color=&#8221;#1562ac&#8221; custom_margin=&#8221;||||false|false&#8221; custom_padding=&#8221;20px||0px|||&#8221; hover_enabled=&#8221;0&#8243; global_colors_info=&#8221;{}&#8221; sticky_enabled=&#8221;0&#8243;][et_pb_row column_structure=&#8221;1_3,1_3,1_3&#8243; _builder_version=&#8221;4.27.4&#8243; _module_preset=&#8221;default&#8221; custom_margin=&#8221;|auto|-11px|auto||&#8221; custom_padding=&#8221;55px||58px|||&#8221; global_colors_info=&#8221;{}&#8221;][et_pb_column type=&#8221;1_3&#8243; _builder_version=&#8221;4.27.4&#8243; _module_preset=&#8221;default&#8221; global_colors_info=&#8221;{}&#8221;][et_pb_text _builder_version=&#8221;4.27.4&#8243; _module_preset=&#8221;default&#8221; header_3_font=&#8221;&#8211;et_global_heading_font||||||||&#8221; header_3_text_color=&#8221;#FFFFFF&#8221; global_colors_info=&#8221;{}&#8221;]<\/p>\n<h3 style=\"text-align: center;\"><a href=\"https:\/\/autogrill24.com\/\">Kreu<\/a><\/h3>\n<h3 style=\"text-align: center;\"><a href=\"https:\/\/autogrill24.com\/rreth-nesh\/\">Rreth Nesh<\/a><\/h3>\n<h3 style=\"text-align: center;\"><a href=\"https:\/\/autogrill24.com\/galeri\/\">Galeri<\/a><\/h3>\n<h3 style=\"text-align: center;\"><a href=\"https:\/\/autogrill24.com\/sherbime\/\">Sherbime<\/a><\/h3>\n<h3 style=\"text-align: center;\"><a href=\"https:\/\/autogrill24.com\/kontakte\/\">Kontakte<\/a><\/h3>\n<p>[\/et_pb_text][\/et_pb_column][et_pb_column type=&#8221;1_3&#8243; _builder_version=&#8221;4.27.4&#8243; _module_preset=&#8221;default&#8221; global_colors_info=&#8221;{}&#8221;][et_pb_image src=&#8221;https:\/\/autogrill24.com\/wp-content\/uploads\/2025\/06\/cropped-503849168_18146396320381309_6406997282189340404_n-e1750850514527.jpg&#8221; title_text=&#8221;cropped-503849168_18146396320381309_6406997282189340404_n.jpg&#8221; align=&#8221;center&#8221; _builder_version=&#8221;4.27.4&#8243; _module_preset=&#8221;default&#8221; width=&#8221;100%&#8221; max_width=&#8221;65%&#8221; module_alignment=&#8221;center&#8221; max_height=&#8221;1000px&#8221; custom_margin=&#8221;2px|||||&#8221; border_radii=&#8221;on|20px|20px|20px|20px&#8221; box_shadow_style=&#8221;preset3&#8243; box_shadow_spread=&#8221;-10px&#8221; box_shadow_color=&#8221;#FFFFFF&#8221; global_colors_info=&#8221;{}&#8221;][\/et_pb_image][\/et_pb_column][et_pb_column type=&#8221;1_3&#8243; _builder_version=&#8221;4.27.4&#8243; _module_preset=&#8221;default&#8221; global_colors_info=&#8221;{}&#8221;][et_pb_text _builder_version=&#8221;4.27.4&#8243; _module_preset=&#8221;default&#8221; header_3_font=&#8221;&#8211;et_global_heading_font||||||||&#8221; header_3_text_color=&#8221;#FFFFFF&#8221; header_4_font=&#8221;&#8211;et_global_heading_font||||||||&#8221; header_4_text_color=&#8221;#FFFFFF&#8221; custom_margin=&#8221;|||46px||&#8221; global_colors_info=&#8221;{}&#8221;]<\/p>\n<h4 style=\"text-align: left;\"><span><img loading=\"lazy\" decoding=\"async\" src=\"https:\/\/autogrill24.com\/wp-content\/uploads\/2025\/06\/clock.png\" width=\"45\" height=\"45\" alt=\"\" class=\"wp-image-1042 alignnone size-full\" srcset=\"https:\/\/autogrill24.com\/wp-content\/uploads\/2025\/06\/clock.png 256w, https:\/\/autogrill24.com\/wp-content\/uploads\/2025\/06\/clock-150x150.png 150w, https:\/\/autogrill24.com\/wp-content\/uploads\/2025\/06\/clock-12x12.png 12w\" sizes=\"(max-width: 45px) 100vw, 45px\" \/>\u00a0Hapur 24 or\u00eb!<\/span><\/h4>\n<p>[\/et_pb_text][et_pb_text _builder_version=&#8221;4.27.4&#8243; _module_preset=&#8221;default&#8221; header_3_font=&#8221;&#8211;et_global_heading_font||||||||&#8221; header_3_text_color=&#8221;#FFFFFF&#8221; header_4_font=&#8221;&#8211;et_global_heading_font||||||||&#8221; header_4_text_color=&#8221;#FFFFFF&#8221; custom_margin=&#8221;|||44px||&#8221; global_colors_info=&#8221;{}&#8221;]<\/p>\n<h4><span> <img loading=\"lazy\" decoding=\"async\" src=\"https:\/\/autogrill24.com\/wp-content\/uploads\/2025\/06\/navigation.png\" width=\"50\" height=\"50\" alt=\"\" class=\"wp-image-1041 alignnone size-full\" srcset=\"https:\/\/autogrill24.com\/wp-content\/uploads\/2025\/06\/navigation.png 256w, https:\/\/autogrill24.com\/wp-content\/uploads\/2025\/06\/navigation-150x150.png 150w, https:\/\/autogrill24.com\/wp-content\/uploads\/2025\/06\/navigation-12x12.png 12w\" sizes=\"(max-width: 50px) 100vw, 50px\" \/>Rr. Fier \u2013 Tepelen\u00eb, Km 28 (POCEM), Fier<\/span><\/h4>\n<p>[\/et_pb_text][\/et_pb_column][\/et_pb_row][\/et_pb_section]<\/p>\n","protected":false},"excerpt":{"rendered":"<p>\ud83d\udd0b Pik\u00eb Karikimi p\u00ebr Makina Elektrike N\u00eb Autogrill 24, jemi gjithmon\u00eb t\u00eb p\u00ebrkushtuar p\u00ebr t\u00eb p\u00ebrmir\u00ebsuar sh\u00ebrbimet tona dhe p\u00ebr t\u00eb ndjekur zhvillimet m\u00eb t\u00eb fundit teknologjike dhe mjedisore. Tani ofrojm\u00eb nj\u00eb pik\u00eb moderne karikimi p\u00ebr makina elektrike, p\u00ebr t\u00eb gjith\u00eb udh\u00ebtar\u00ebt q\u00eb k\u00ebrkojn\u00eb komoditet dhe efikasitet gjat\u00eb udh\u00ebtimeve t\u00eb tyre. Si funksionon? Vendosni makin\u00ebn [&hellip;]<\/p>\n","protected":false},"author":1,"featured_media":0,"parent":0,"menu_order":0,"comment_status":"closed","ping_status":"closed","template":"","meta":{"_et_pb_use_builder":"on","_et_pb_old_content":"<!-- wp:divi\/placeholder \/-->","_et_gb_content_width":"","footnotes":""},"class_list":["post-33","page","type-page","status-publish","hentry"],"aioseo_notices":[],"rttpg_featured_image_url":null,"rttpg_author":{"display_name":"wpadmin3642","author_link":"https:\/\/autogrill24.com\/en\/author\/wpadmin3642\/"},"rttpg_comment":0,"rttpg_category":null,"rttpg_excerpt":"\ud83d\udd0b Pik\u00eb Karikimi p\u00ebr Makina Elektrike N\u00eb Autogrill 24, jemi gjithmon\u00eb t\u00eb p\u00ebrkushtuar p\u00ebr t\u00eb p\u00ebrmir\u00ebsuar sh\u00ebrbimet tona dhe p\u00ebr t\u00eb ndjekur zhvillimet m\u00eb t\u00eb fundit teknologjike dhe mjedisore. Tani ofrojm\u00eb nj\u00eb pik\u00eb moderne karikimi p\u00ebr makina elektrike, p\u00ebr t\u00eb gjith\u00eb udh\u00ebtar\u00ebt q\u00eb k\u00ebrkojn\u00eb komoditet dhe efikasitet gjat\u00eb udh\u00ebtimeve t\u00eb tyre. Si funksionon? Vendosni makin\u00ebn&hellip;","_links":{"self":[{"href":"https:\/\/autogrill24.com\/en\/wp-json\/wp\/v2\/pages\/33","targetHints":{"allow":["GET"]}}],"collection":[{"href":"https:\/\/autogrill24.com\/en\/wp-json\/wp\/v2\/pages"}],"about":[{"href":"https:\/\/autogrill24.com\/en\/wp-json\/wp\/v2\/types\/page"}],"author":[{"embeddable":true,"href":"https:\/\/autogrill24.com\/en\/wp-json\/wp\/v2\/users\/1"}],"replies":[{"embeddable":true,"href":"https:\/\/autogrill24.com\/en\/wp-json\/wp\/v2\/comments?post=33"}],"version-history":[{"count":12,"href":"https:\/\/autogrill24.com\/en\/wp-json\/wp\/v2\/pages\/33\/revisions"}],"predecessor-version":[{"id":1330,"href":"https:\/\/autogrill24.com\/en\/wp-json\/wp\/v2\/pages\/33\/revisions\/1330"}],"wp:attachment":[{"href":"https:\/\/autogrill24.com\/en\/wp-json\/wp\/v2\/media?parent=33"}],"curies":[{"name":"wp","href":"https:\/\/api.w.org\/{rel}","templated":true}]}}