{"id":88,"date":"2025-06-14T21:11:15","date_gmt":"2025-06-14T21:11:15","guid":{"rendered":"https:\/\/autogrill24.com\/?page_id=88"},"modified":"2025-06-28T21:03:38","modified_gmt":"2025-06-28T21:03:38","slug":"servis-sherbim-karotreci-24h-2","status":"publish","type":"page","link":"https:\/\/autogrill24.com\/en\/servis-sherbim-karotreci-24h-2\/","title":{"rendered":"24h Car &amp; Carriage Service"},"content":{"rendered":"<p>[et_pb_section fb_built=&#8221;1&#8243; _builder_version=&#8221;4.27.4&#8243; _module_preset=&#8221;default&#8221; custom_padding=&#8221;3px||8px|||&#8221; top_divider_style=&#8221;arrow2&#8243; top_divider_color=&#8221;#1562ac&#8221; top_divider_height=&#8221;42px&#8221; global_colors_info=&#8221;{}&#8221;][\/et_pb_section][et_pb_section fb_built=&#8221;1&#8243; _builder_version=&#8221;4.27.4&#8243; _module_preset=&#8221;default&#8221; global_colors_info=&#8221;{}&#8221; custom_padding=&#8221;5px|||||&#8221;][et_pb_row column_structure=&#8221;1_2,1_2&#8243; _builder_version=&#8221;4.27.4&#8243; _module_preset=&#8221;default&#8221; custom_padding=&#8221;6px||0px|||&#8221; global_colors_info=&#8221;{}&#8221;][et_pb_column type=&#8221;1_2&#8243; _builder_version=&#8221;4.27.4&#8243; _module_preset=&#8221;default&#8221; global_colors_info=&#8221;{}&#8221;][et_pb_image src=&#8221;https:\/\/autogrill24.com\/wp-content\/uploads\/2025\/06\/Mercedes-Benz-Atego-1224-NL-TRUCK-Belgjike_246_4030987250889.jpg&#8221; title_text=&#8221;Mercedes-Benz Atego 1224 NL TRUCK&#8221; _builder_version=&#8221;4.27.4&#8243; _module_preset=&#8221;default&#8221; max_height=&#8221;372px&#8221; custom_margin=&#8221;53px|||||&#8221; border_radii=&#8221;on|2px|2px|2px|2px&#8221; border_color_all=&#8221;#000000&#8243; box_shadow_style=&#8221;preset2&#8243; box_shadow_color=&#8221;rgba(21,98,172,0.71)&#8221; global_colors_info=&#8221;{}&#8221;][\/et_pb_image][\/et_pb_column][et_pb_column type=&#8221;1_2&#8243; _builder_version=&#8221;4.27.4&#8243; _module_preset=&#8221;default&#8221; global_colors_info=&#8221;{}&#8221;][et_pb_video _builder_version=&#8221;4.27.4&#8243; _module_preset=&#8221;default&#8221; custom_margin=&#8221;||-10px|||&#8221; custom_padding=&#8221;0px|||||&#8221; global_colors_info=&#8221;{}&#8221;][\/et_pb_video][et_pb_text _builder_version=&#8221;4.27.4&#8243; _module_preset=&#8221;default&#8221; text_font=&#8221;Albert Sans||||||||&#8221; text_text_color=&#8221;rgba(38,38,38,0.75)&#8221; text_font_size=&#8221;17px&#8221; header_2_font=&#8221;&#8211;et_global_heading_font||||||||&#8221; custom_margin=&#8221;||-23px||false|false&#8221; custom_padding=&#8221;34px|||||&#8221; global_colors_info=&#8221;{}&#8221;]<\/p>\n<h2 data-start=\"44\" data-end=\"109\">Servis &amp; Sh\u00ebrbim Karrotreci \u2013 Ndihm\u00eb 24\/7 p\u00ebr makin\u00ebn tuaj<\/h2>\n<p data-start=\"134\" data-end=\"171\"><span class=\"relative -mx-px my-[-0.2rem] rounded px-px py-[0.2rem] transition-colors duration-100 ease-in-out\"><strong data-start=\"0\" data-end=\"25\" data-is-only-node=\"\">Ndihm\u00eb n\u00eb vendngjarje<\/strong> \u2013 Ekipi yn\u00eb \u00ebsht\u00eb i gatsh\u00ebm p\u00ebr intervention t\u00eb shpejt\u00eb, q\u00eb p\u00ebrfshin:<\/span><\/p>\n<ul>\n<li style=\"list-style-type: none;\">\n<ul data-start=\"174\" data-end=\"419\">\n<li data-start=\"174\" data-end=\"213\">\n<p data-start=\"176\" data-end=\"213\"><span class=\"relative -mx-px my-[-0.2rem] rounded px-px py-[0.2rem] transition-colors duration-100 ease-in-out\">Nd\u00ebrrim goma t\u00eb shpuara apo t\u00eb konsumuara<\/span><\/p>\n<\/li>\n<li data-start=\"216\" data-end=\"255\">\n<p data-start=\"218\" data-end=\"255\"><span class=\"relative -mx-px my-[-0.2rem] rounded px-px py-[0.2rem] transition-colors duration-100 ease-in-out\">Jump-start\/bateri emergjente<\/span><\/p>\n<\/li>\n<li data-start=\"258\" data-end=\"297\">\n<p data-start=\"260\" data-end=\"297\"><span class=\"relative -mx-px my-[-0.2rem] rounded px-px py-[0.2rem] transition-colors duration-100 ease-in-out\">Dor\u00ebzimin e karburantit n\u00eb rast se mbeteni pa<\/span><\/p>\n<\/li>\n<li data-start=\"300\" data-end=\"339\">\n<p data-start=\"302\" data-end=\"339\"><span class=\"relative -mx-px my-[-0.2rem] rounded px-px py-[0.2rem] transition-colors duration-100 ease-in-out\">Ndihm\u00eb p\u00ebr bllokim\/ky\u00e7je mjetesh t\u00eb bllokuara<\/span><\/p>\n<\/li>\n<li data-start=\"342\" data-end=\"419\">\n<p data-start=\"344\" data-end=\"419\"><span class=\"relative -mx-px my-[-0.2rem] rounded px-px py-[0.2rem] transition-colors duration-100 ease-in-out\">Nd\u00ebrhyrje p\u00ebr \u00e7\u00ebshtje t\u00eb tjera mekanike emergjente<\/span><\/p>\n<p data-start=\"423\" data-end=\"460\"><span class=\"relative -mx-px my-[-0.2rem] rounded px-px py-[0.2rem] transition-colors duration-100 ease-in-out\"><strong data-start=\"0\" data-end=\"20\" data-is-only-node=\"\">Karrotrec\/towing<\/strong> \u2013 N\u00eb rast m\u00eb serioz (aksident, defekt teknik i madh), ofrojm\u00eb sh\u00ebrbim t\u00eb transportit t\u00eb vozitjes:<\/span><\/p>\n<ul data-start=\"463\" data-end=\"586\">\n<li data-start=\"463\" data-end=\"542\">\n<p data-start=\"465\" data-end=\"542\"><span class=\"relative -mx-px my-[-0.2rem] rounded px-px py-[0.2rem] transition-colors duration-100 ease-in-out\">Sh\u00ebrbim shpejt 24\u202for\u00eb, p\u00ebr n\u00eb servisin ton\u00eb t\u00eb integruar ose n\u00eb destinacionin e zgjedhur nga ju<\/span><\/p>\n<\/li>\n<li data-start=\"545\" data-end=\"586\">\n<p data-start=\"547\" data-end=\"586\"><span class=\"relative -mx-px my-[-0.2rem] rounded px-px py-[0.2rem] transition-colors duration-100 ease-in-out\">Sh\u00ebrbim profesional me ngarkim t\u00eb sigurt dhe specialist\u00eb t\u00eb trajnuar p\u00ebr l\u00ebvizje t\u00eb automjeteve t\u00eb ndaluara<\/span><\/p>\n<\/li>\n<\/ul>\n<\/li>\n<\/ul>\n<\/li>\n<\/ul>\n<p>[\/et_pb_text][\/et_pb_column][\/et_pb_row][et_pb_row disabled_on=&#8221;off|on|on&#8221; _builder_version=&#8221;4.27.4&#8243; _module_preset=&#8221;default&#8221; custom_margin=&#8221;|auto||auto|false|false&#8221; custom_padding=&#8221;8px||5px|||&#8221; global_colors_info=&#8221;{}&#8221;][et_pb_column type=&#8221;4_4&#8243; _builder_version=&#8221;4.27.4&#8243; _module_preset=&#8221;default&#8221; global_colors_info=&#8221;{}&#8221;][et_pb_image src=&#8221;https:\/\/autogrill24.com\/wp-content\/uploads\/2025\/06\/503849168_18146396320381309_6406997282189340404_n-1.jpg&#8221; title_text=&#8221;503849168_18146396320381309_6406997282189340404_n (1)&#8221; align=&#8221;center&#8221; _builder_version=&#8221;4.27.4&#8243; _module_preset=&#8221;default&#8221; width=&#8221;8%&#8221; max_width=&#8221;17%&#8221; box_shadow_style=&#8221;preset3&#8243; box_shadow_color=&#8221;#0257aa&#8221; global_colors_info=&#8221;{}&#8221;][\/et_pb_image][\/et_pb_column][\/et_pb_row][et_pb_row disabled_on=&#8221;on|off|off&#8221; _builder_version=&#8221;4.27.4&#8243; _module_preset=&#8221;default&#8221; custom_margin=&#8221;27px|auto|39px|auto||&#8221; custom_padding=&#8221;9px||5px|||&#8221; global_colors_info=&#8221;{}&#8221;][et_pb_column type=&#8221;4_4&#8243; _builder_version=&#8221;4.27.4&#8243; _module_preset=&#8221;default&#8221; global_colors_info=&#8221;{}&#8221;][et_pb_image src=&#8221;https:\/\/autogrill24.com\/wp-content\/uploads\/2025\/06\/503849168_18146396320381309_6406997282189340404_n-1.jpg&#8221; title_text=&#8221;503849168_18146396320381309_6406997282189340404_n (1)&#8221; align=&#8221;center&#8221; _builder_version=&#8221;4.27.4&#8243; _module_preset=&#8221;default&#8221; width=&#8221;5%&#8221; box_shadow_style=&#8221;preset3&#8243; box_shadow_color=&#8221;#0257aa&#8221; global_colors_info=&#8221;{}&#8221;][\/et_pb_image][\/et_pb_column][\/et_pb_row][et_pb_row column_structure=&#8221;1_2,1_2&#8243; _builder_version=&#8221;4.27.4&#8243; _module_preset=&#8221;default&#8221; global_colors_info=&#8221;{}&#8221;][et_pb_column type=&#8221;1_2&#8243; _builder_version=&#8221;4.27.4&#8243; _module_preset=&#8221;default&#8221; global_colors_info=&#8221;{}&#8221;][et_pb_text _builder_version=&#8221;4.27.4&#8243; _module_preset=&#8221;default&#8221; text_font=&#8221;Albert Sans||||||||&#8221; text_text_color=&#8221;rgba(38,38,38,0.75)&#8221; text_font_size=&#8221;17px&#8221; header_2_font=&#8221;&#8211;et_global_heading_font||||||||&#8221; custom_padding=&#8221;3px|||||&#8221; global_colors_info=&#8221;{}&#8221;]<\/p>\n<h3 data-start=\"588\" data-end=\"615\">\u23f1\ufe0f Disponueshm\u00ebria 24\/7<\/h3>\n<p data-start=\"617\" data-end=\"709\"><span class=\"relative -mx-px my-[-0.2rem] rounded px-px py-[0.2rem] transition-colors duration-100 ease-in-out\">Me k\u00ebrkes\u00eb t\u00eb rritur p\u00ebr ndihm\u00eb n\u00eb rrug\u00eb dhe urgjenca gjat\u00eb nat\u00ebs ose fundjave, sh\u00ebrbimet e karrotrecit jan\u00eb b\u00ebr\u00eb esenciale p\u00ebr drejtuesit e makinave moderne<\/span> . Ne ofrojm\u00eb:<\/p>\n<ul data-start=\"711\" data-end=\"794\">\n<li data-start=\"711\" data-end=\"752\">\n<p data-start=\"713\" data-end=\"752\"><span class=\"relative -mx-px my-[-0.2rem] rounded px-px py-[0.2rem] transition-colors duration-100 ease-in-out\"><strong data-start=\"0\" data-end=\"20\" data-is-only-node=\"\">Reagim i shpejt\u00eb<\/strong>, pavar\u00ebsisht orarit apo vendndodhjes<\/span><\/p>\n<\/li>\n<li data-start=\"753\" data-end=\"794\">\n<p data-start=\"755\" data-end=\"794\"><span class=\"relative -mx-px my-[-0.2rem] rounded px-px py-[0.2rem] transition-colors duration-100 ease-in-out\"><strong data-start=\"0\" data-end=\"32\" data-is-only-node=\"\">Disponueshm\u00ebri e vazhdueshme<\/strong>, p\u00ebr rastet e papritura gjat\u00eb udh\u00ebtimit<\/span><\/p>\n<\/li>\n<\/ul>\n<h3 data-start=\"796\" data-end=\"840\">\ud83c\udf10 Pse jan\u00eb t\u00eb r\u00ebnd\u00ebsishme k\u00ebto sh\u00ebrbime<\/h3>\n<ul data-start=\"842\" data-end=\"1101\">\n<li data-start=\"842\" data-end=\"923\">\n<p data-start=\"844\" data-end=\"923\"><span class=\"relative -mx-px my-[-0.2rem] rounded px-px py-[0.2rem] transition-colors duration-100 ease-in-out\"><strong data-start=\"0\" data-end=\"40\" data-is-only-node=\"\">Tendency rritjeje n\u00eb tregun europian<\/strong> \u2013 sh\u00ebrbimet e roadside assistance (towing, jump-start, battery, fuel delivery) p\u00ebrb\u00ebjn\u00eb pjes\u00ebn kryesore t\u00eb sh\u00ebrbimeve t\u00eb motorit dhe jan\u00eb n\u00eb rritje n\u00eb Evrop\u00eb<\/span><\/p>\n<\/li>\n<li data-start=\"924\" data-end=\"1101\">\n<p data-start=\"926\" data-end=\"1101\"><strong data-start=\"926\" data-end=\"968\">P\u00ebrvoj\u00eb gjith\u00ebp\u00ebrfshir\u00ebse p\u00ebr klientin<\/strong> \u2013 Alt\u00eb zgjidhje n\u00eb nj\u00eb vend: nga karburanti, lavazhi, market, deri tek mb\u00ebshtetja n\u00eb rrug\u00eb \u2013 p\u00ebrvoja b\u00ebhet e pa nd\u00ebrprer\u00eb dhe komode<\/p>\n<\/li>\n<\/ul>\n<p>[\/et_pb_text][\/et_pb_column][et_pb_column type=&#8221;1_2&#8243; _builder_version=&#8221;4.27.4&#8243; _module_preset=&#8221;default&#8221; global_colors_info=&#8221;{}&#8221;][et_pb_image src=&#8221;https:\/\/autogrill24.com\/wp-content\/uploads\/2025\/06\/WhatsApp-Image-2025-06-12-at-15.44.09-9.jpeg&#8221; title_text=&#8221;WhatsApp Image 2025-06-12 at 15.44.09 (9)&#8221; _builder_version=&#8221;4.27.4&#8243; _module_preset=&#8221;default&#8221; custom_margin=&#8221;37px|||||&#8221; border_radii=&#8221;on|2px|2px|2px|2px&#8221; border_color_all=&#8221;#000000&#8243; box_shadow_style=&#8221;preset1&#8243; box_shadow_color=&#8221;rgba(21,98,172,0.71)&#8221; global_colors_info=&#8221;{}&#8221;][\/et_pb_image][\/et_pb_column][\/et_pb_row][\/et_pb_section][et_pb_section fb_built=&#8221;1&#8243; _builder_version=&#8221;4.27.4&#8243; _module_preset=&#8221;default&#8221; custom_padding=&#8221;13px||0px|||&#8221; bottom_divider_style=&#8221;arrow2&#8243; bottom_divider_color=&#8221;#1562ac&#8221; bottom_divider_height=&#8221;42px&#8221; global_colors_info=&#8221;{}&#8221;][\/et_pb_section][et_pb_section fb_built=&#8221;1&#8243; disabled_on=&#8221;off|off|off&#8221; _builder_version=&#8221;4.27.4&#8243; _module_preset=&#8221;default&#8221; background_color=&#8221;#1562ac&#8221; custom_margin=&#8221;||||false|false&#8221; custom_padding=&#8221;20px||0px|||&#8221; global_colors_info=&#8221;{}&#8221;][et_pb_row column_structure=&#8221;1_3,1_3,1_3&#8243; _builder_version=&#8221;4.27.4&#8243; _module_preset=&#8221;default&#8221; custom_margin=&#8221;|auto|-11px|auto||&#8221; custom_padding=&#8221;55px||58px|||&#8221; global_colors_info=&#8221;{}&#8221;][et_pb_column type=&#8221;1_3&#8243; _builder_version=&#8221;4.27.4&#8243; _module_preset=&#8221;default&#8221; global_colors_info=&#8221;{}&#8221;][et_pb_text _builder_version=&#8221;4.27.4&#8243; _module_preset=&#8221;default&#8221; header_3_font=&#8221;&#8211;et_global_heading_font||||||||&#8221; header_3_text_color=&#8221;#FFFFFF&#8221; global_colors_info=&#8221;{}&#8221;]<\/p>\n<h3 style=\"text-align: center;\"><a href=\"https:\/\/autogrill24.com\/\">Kreu<\/a><\/h3>\n<h3 style=\"text-align: center;\"><a href=\"https:\/\/autogrill24.com\/rreth-nesh\/\">Rreth Nesh<\/a><\/h3>\n<h3 style=\"text-align: center;\"><a href=\"https:\/\/autogrill24.com\/galeri\/\">Galeri<\/a><\/h3>\n<h3 style=\"text-align: center;\"><a href=\"https:\/\/autogrill24.com\/sherbime\/\">Sherbime<\/a><\/h3>\n<h3 style=\"text-align: center;\"><a href=\"https:\/\/autogrill24.com\/kontakte\/\">Kontakte<\/a><\/h3>\n<p>[\/et_pb_text][\/et_pb_column][et_pb_column type=&#8221;1_3&#8243; _builder_version=&#8221;4.27.4&#8243; _module_preset=&#8221;default&#8221; global_colors_info=&#8221;{}&#8221;][et_pb_image src=&#8221;https:\/\/autogrill24.com\/wp-content\/uploads\/2025\/06\/cropped-503849168_18146396320381309_6406997282189340404_n-e1750850514527.jpg&#8221; title_text=&#8221;cropped-503849168_18146396320381309_6406997282189340404_n.jpg&#8221; align=&#8221;center&#8221; _builder_version=&#8221;4.27.4&#8243; _module_preset=&#8221;default&#8221; width=&#8221;100%&#8221; max_width=&#8221;65%&#8221; module_alignment=&#8221;center&#8221; max_height=&#8221;1000px&#8221; custom_margin=&#8221;2px|||||&#8221; border_radii=&#8221;on|20px|20px|20px|20px&#8221; box_shadow_style=&#8221;preset3&#8243; box_shadow_spread=&#8221;-10px&#8221; box_shadow_color=&#8221;#FFFFFF&#8221; global_colors_info=&#8221;{}&#8221;][\/et_pb_image][\/et_pb_column][et_pb_column type=&#8221;1_3&#8243; _builder_version=&#8221;4.27.4&#8243; _module_preset=&#8221;default&#8221; global_colors_info=&#8221;{}&#8221;][et_pb_text _builder_version=&#8221;4.27.4&#8243; _module_preset=&#8221;default&#8221; header_3_font=&#8221;&#8211;et_global_heading_font||||||||&#8221; header_3_text_color=&#8221;#FFFFFF&#8221; header_4_font=&#8221;&#8211;et_global_heading_font||||||||&#8221; header_4_text_color=&#8221;#FFFFFF&#8221; custom_margin=&#8221;|||46px||&#8221; global_colors_info=&#8221;{}&#8221;]<\/p>\n<h4 style=\"text-align: left;\"><span><img loading=\"lazy\" decoding=\"async\" src=\"https:\/\/autogrill24.com\/wp-content\/uploads\/2025\/06\/clock.png\" width=\"45\" height=\"45\" alt=\"\" class=\"wp-image-1042 alignnone size-full\" srcset=\"https:\/\/autogrill24.com\/wp-content\/uploads\/2025\/06\/clock.png 256w, https:\/\/autogrill24.com\/wp-content\/uploads\/2025\/06\/clock-150x150.png 150w, https:\/\/autogrill24.com\/wp-content\/uploads\/2025\/06\/clock-12x12.png 12w\" sizes=\"(max-width: 45px) 100vw, 45px\" \/>\u00a0Hapur 24 or\u00eb!<\/span><\/h4>\n<p>[\/et_pb_text][et_pb_text _builder_version=&#8221;4.27.4&#8243; _module_preset=&#8221;default&#8221; header_3_font=&#8221;&#8211;et_global_heading_font||||||||&#8221; header_3_text_color=&#8221;#FFFFFF&#8221; header_4_font=&#8221;&#8211;et_global_heading_font||||||||&#8221; header_4_text_color=&#8221;#FFFFFF&#8221; custom_margin=&#8221;|||44px||&#8221; global_colors_info=&#8221;{}&#8221;]<\/p>\n<h4><span> <img loading=\"lazy\" decoding=\"async\" src=\"https:\/\/autogrill24.com\/wp-content\/uploads\/2025\/06\/navigation.png\" width=\"50\" height=\"50\" alt=\"\" class=\"wp-image-1041 alignnone size-full\" srcset=\"https:\/\/autogrill24.com\/wp-content\/uploads\/2025\/06\/navigation.png 256w, https:\/\/autogrill24.com\/wp-content\/uploads\/2025\/06\/navigation-150x150.png 150w, https:\/\/autogrill24.com\/wp-content\/uploads\/2025\/06\/navigation-12x12.png 12w\" sizes=\"(max-width: 50px) 100vw, 50px\" \/>Rr. Fier \u2013 Tepelen\u00eb, Km 28 (POCEM), Fier<\/span><\/h4>\n<p>[\/et_pb_text][\/et_pb_column][\/et_pb_row][\/et_pb_section]<\/p>\n","protected":false},"excerpt":{"rendered":"<p>Servis &amp; Sh\u00ebrbim Karrotreci \u2013 Ndihm\u00eb 24\/7 p\u00ebr makin\u00ebn tuaj Ndihm\u00eb n\u00eb vendngjarje \u2013 Ekipi yn\u00eb \u00ebsht\u00eb i gatsh\u00ebm p\u00ebr intervention t\u00eb shpejt\u00eb, q\u00eb p\u00ebrfshin: Nd\u00ebrrim goma t\u00eb shpuara apo t\u00eb konsumuara Jump-start\/bateri emergjente Dor\u00ebzimin e karburantit n\u00eb rast se mbeteni pa Ndihm\u00eb p\u00ebr bllokim\/ky\u00e7je mjetesh t\u00eb bllokuara Nd\u00ebrhyrje p\u00ebr \u00e7\u00ebshtje t\u00eb tjera mekanike emergjente [&hellip;]<\/p>\n","protected":false},"author":1,"featured_media":0,"parent":0,"menu_order":0,"comment_status":"closed","ping_status":"closed","template":"","meta":{"_et_pb_use_builder":"on","_et_pb_old_content":"<!-- wp:divi\/placeholder \/-->","_et_gb_content_width":"","footnotes":""},"class_list":["post-88","page","type-page","status-publish","hentry"],"aioseo_notices":[],"rttpg_featured_image_url":null,"rttpg_author":{"display_name":"wpadmin3642","author_link":"https:\/\/autogrill24.com\/en\/author\/wpadmin3642\/"},"rttpg_comment":0,"rttpg_category":null,"rttpg_excerpt":"Servis &amp; Sh\u00ebrbim Karrotreci \u2013 Ndihm\u00eb 24\/7 p\u00ebr makin\u00ebn tuaj Ndihm\u00eb n\u00eb vendngjarje \u2013 Ekipi yn\u00eb \u00ebsht\u00eb i gatsh\u00ebm p\u00ebr intervention t\u00eb shpejt\u00eb, q\u00eb p\u00ebrfshin: Nd\u00ebrrim goma t\u00eb shpuara apo t\u00eb konsumuara Jump-start\/bateri emergjente Dor\u00ebzimin e karburantit n\u00eb rast se mbeteni pa Ndihm\u00eb p\u00ebr bllokim\/ky\u00e7je mjetesh t\u00eb bllokuara Nd\u00ebrhyrje p\u00ebr \u00e7\u00ebshtje t\u00eb tjera mekanike emergjente&hellip;","_links":{"self":[{"href":"https:\/\/autogrill24.com\/en\/wp-json\/wp\/v2\/pages\/88","targetHints":{"allow":["GET"]}}],"collection":[{"href":"https:\/\/autogrill24.com\/en\/wp-json\/wp\/v2\/pages"}],"about":[{"href":"https:\/\/autogrill24.com\/en\/wp-json\/wp\/v2\/types\/page"}],"author":[{"embeddable":true,"href":"https:\/\/autogrill24.com\/en\/wp-json\/wp\/v2\/users\/1"}],"replies":[{"embeddable":true,"href":"https:\/\/autogrill24.com\/en\/wp-json\/wp\/v2\/comments?post=88"}],"version-history":[{"count":10,"href":"https:\/\/autogrill24.com\/en\/wp-json\/wp\/v2\/pages\/88\/revisions"}],"predecessor-version":[{"id":1331,"href":"https:\/\/autogrill24.com\/en\/wp-json\/wp\/v2\/pages\/88\/revisions\/1331"}],"wp:attachment":[{"href":"https:\/\/autogrill24.com\/en\/wp-json\/wp\/v2\/media?parent=88"}],"curies":[{"name":"wp","href":"https:\/\/api.w.org\/{rel}","templated":true}]}}